{"id":1242,"date":"2023-04-12T18:07:30","date_gmt":"2023-04-12T16:07:30","guid":{"rendered":"http:\/\/www.d\u00f6rpverein-mhg.de\/?page_id=1242"},"modified":"2023-06-02T17:48:02","modified_gmt":"2023-06-02T15:48:02","slug":"uropa-und-urenkelin","status":"publish","type":"page","link":"http:\/\/www.d\u00f6rpverein-mhg.de\/?page_id=1242","title":{"rendered":"Uropa und Urenkelin"},"content":{"rendered":"<p>[et_pb_section fb_built=&#8220;1&#8243; fullwidth=&#8220;on&#8220; admin_label=&#8220;Header Section&#8220; _builder_version=&#8220;4.16&#8243; background_color=&#8220;#f1f7e6&#8243; custom_margin=&#8220;|||&#8220; custom_padding=&#8220;|||&#8220; bottom_divider_color=&#8220;rgba(0,0,0,0)&#8220; border_color_all=&#8220;rgba(0,0,0,0)&#8220; global_colors_info=&#8220;{}&#8220;][et_pb_fullwidth_header text_orientation=&#8220;center&#8220; image_orientation=&#8220;bottom&#8220; content_max_width_tablet=&#8220;&#8220; content_max_width_phone=&#8220;&#8220; content_max_width_last_edited=&#8220;on|desktop&#8220; _builder_version=&#8220;4.16&#8243; title_font=&#8220;Lora|700|||||||&#8220; title_text_color=&#8220;#f1f7e6&#8243; title_font_size=&#8220;53px&#8220; title_line_height=&#8220;2em&#8220; content_font=&#8220;Lora||||||||&#8220; content_font_size=&#8220;22px&#8220; content_line_height=&#8220;2em&#8220; subhead_font=&#8220;Lora|700|||||||&#8220; subhead_text_color=&#8220;#f1f7e6&#8243; subhead_font_size=&#8220;44px&#8220; subhead_line_height=&#8220;1.6em&#8220; background_color=&#8220;rgba(255,255,255,0)&#8220; background_image=&#8220;http:\/\/www.d\u00f6rpverein-mhg.de\/\/wp-content\/uploads\/2019\/05\/mh.jpg&#8220; parallax=&#8220;on&#8220; parallax_method=&#8220;on&#8220; custom_button_one=&#8220;on&#8220; button_one_text_size=&#8220;16px&#8220; button_one_text_color=&#8220;#ffffff&#8220; button_one_bg_color=&#8220;#d29f68&#8243; button_one_border_width=&#8220;15px&#8220; button_one_border_color=&#8220;rgba(210,159,104,0)&#8220; button_one_border_radius=&#8220;100px&#8220; button_one_letter_spacing=&#8220;3px&#8220; button_one_font=&#8220;Oswald|||on|||||&#8220; button_one_use_icon=&#8220;off&#8220; custom_button_two=&#8220;on&#8220; button_two_text_size=&#8220;16px&#8220; button_two_text_color=&#8220;#ffffff&#8220; button_two_bg_color=&#8220;rgba(255,255,255,0.35)&#8220; button_two_border_width=&#8220;15px&#8220; button_two_border_color=&#8220;rgba(0,0,0,0)&#8220; button_two_border_radius=&#8220;100px&#8220; button_two_letter_spacing=&#8220;3px&#8220; button_two_font=&#8220;Oswald|||on|||||&#8220; button_two_use_icon=&#8220;off&#8220; custom_margin=&#8220;|||&#8220; custom_padding=&#8220;225px||225px||true&#8220; animation_style=&#8220;fade&#8220; animation_duration=&#8220;2000ms&#8220; animation_speed_curve=&#8220;ease-out&#8220; subhead_font_size_tablet=&#8220;&#8220; subhead_font_size_phone=&#8220;50px&#8220; subhead_font_size_last_edited=&#8220;on|desktop&#8220; title_text_shadow_style=&#8220;preset5&#8243; title_text_shadow_color=&#8220;#000000&#8243; subhead_text_shadow_style=&#8220;preset5&#8243; border_color_all=&#8220;#ffffff&#8220; button_one_border_radius_hover=&#8220;100px&#8220; button_one_bg_color_hover=&#8220;#cc8d66&#8243; button_two_bg_color_hover=&#8220;#d29f68&#8243; global_colors_info=&#8220;{}&#8220; button_one_text_size__hover_enabled=&#8220;off&#8220; button_two_text_size__hover_enabled=&#8220;off&#8220; button_one_text_color__hover_enabled=&#8220;off&#8220; button_two_text_color__hover_enabled=&#8220;off&#8220; button_one_border_width__hover_enabled=&#8220;off&#8220; button_two_border_width__hover_enabled=&#8220;off&#8220; button_one_border_color__hover_enabled=&#8220;off&#8220; button_two_border_color__hover_enabled=&#8220;off&#8220; button_one_border_radius__hover_enabled=&#8220;on&#8220; button_one_border_radius__hover=&#8220;100px&#8220; button_two_border_radius__hover_enabled=&#8220;off&#8220; button_one_letter_spacing__hover_enabled=&#8220;off&#8220; button_two_letter_spacing__hover_enabled=&#8220;off&#8220; button_one_bg_color__hover_enabled=&#8220;on&#8220; button_one_bg_color__hover=&#8220;#cc8d66&#8243; button_two_bg_color__hover_enabled=&#8220;on&#8220; button_two_bg_color__hover=&#8220;#d29f68&#8243;][\/et_pb_fullwidth_header][\/et_pb_section][et_pb_section fb_built=&#8220;1&#8243; admin_label=&#8220;Free Consultation&#8220; _builder_version=&#8220;4.16&#8243; background_color=&#8220;#f1f7e6&#8243; custom_padding=&#8220;0px|0px||0px&#8220; global_colors_info=&#8220;{}&#8220;][et_pb_row _builder_version=&#8220;4.16&#8243; custom_padding=&#8220;|||&#8220; global_colors_info=&#8220;{}&#8220;][et_pb_column type=&#8220;4_4&#8243; _builder_version=&#8220;4.16&#8243; custom_padding=&#8220;|||&#8220; global_colors_info=&#8220;{}&#8220; custom_padding__hover=&#8220;|||&#8220;][et_pb_cta title=&#8220;Uropa und Urenkelin&#8220; button_url=&#8220;#&#8220; _builder_version=&#8220;4.16&#8243; header_font=&#8220;Lora|700||on|||||&#8220; header_text_color=&#8220;#375729&#8243; header_font_size=&#8220;48px&#8220; header_letter_spacing=&#8220;2px&#8220; header_line_height=&#8220;2em&#8220; body_font=&#8220;Lora|||||on|||&#8220; body_text_color=&#8220;#375729&#8243; body_font_size=&#8220;43px&#8220; body_line_height=&#8220;1.4em&#8220; background_color=&#8220;#ffffff&#8220; width=&#8220;100%&#8220; max_width=&#8220;100%&#8220; custom_margin=&#8220;-100px|0px||0px||&#8220; custom_padding=&#8220;3%||0px|&#8220; animation_style=&#8220;slide&#8220; header_font_size_tablet=&#8220;&#8220; header_font_size_phone=&#8220;36px&#8220; header_font_size_last_edited=&#8220;on|desktop&#8220; border_radii=&#8220;on|20px|20px|20px|20px&#8220; box_shadow_style=&#8220;preset3&#8243; box_shadow_vertical=&#8220;15px&#8220; box_shadow_blur=&#8220;80px&#8220; box_shadow_color=&#8220;rgba(0,0,0,0.2)&#8220; button_border_radius_hover=&#8220;1px&#8220; locked=&#8220;off&#8220; global_colors_info=&#8220;{}&#8220; button_text_size__hover_enabled=&#8220;off&#8220; button_one_text_size__hover_enabled=&#8220;off&#8220; button_two_text_size__hover_enabled=&#8220;off&#8220; button_text_color__hover_enabled=&#8220;off&#8220; button_one_text_color__hover_enabled=&#8220;off&#8220; button_two_text_color__hover_enabled=&#8220;off&#8220; button_border_width__hover_enabled=&#8220;off&#8220; button_one_border_width__hover_enabled=&#8220;off&#8220; button_two_border_width__hover_enabled=&#8220;off&#8220; button_border_color__hover_enabled=&#8220;off&#8220; button_one_border_color__hover_enabled=&#8220;off&#8220; button_two_border_color__hover_enabled=&#8220;off&#8220; button_border_radius__hover_enabled=&#8220;on&#8220; button_border_radius__hover=&#8220;1px&#8220; button_one_border_radius__hover_enabled=&#8220;off&#8220; button_two_border_radius__hover_enabled=&#8220;off&#8220; button_letter_spacing__hover_enabled=&#8220;off&#8220; button_one_letter_spacing__hover_enabled=&#8220;off&#8220; button_two_letter_spacing__hover_enabled=&#8220;off&#8220; button_bg_color__hover_enabled=&#8220;off&#8220; button_one_bg_color__hover_enabled=&#8220;off&#8220; button_two_bg_color__hover_enabled=&#8220;off&#8220; transform_styles__hover_enabled=&#8220;on&#8220; transform_scale__hover_enabled=&#8220;on&#8220; transform_translate__hover_enabled=&#8220;on&#8220; transform_rotate__hover_enabled=&#8220;on&#8220; transform_skew__hover_enabled=&#8220;on&#8220; transform_origin__hover_enabled=&#8220;on&#8220; transform_scale__hover=&#8220;108%|108%&#8220;][\/et_pb_cta][\/et_pb_column][\/et_pb_row][\/et_pb_section][et_pb_section fb_built=&#8220;1&#8243; admin_label=&#8220;About Section&#8220; _builder_version=&#8220;4.16&#8243; background_color=&#8220;#f1f7e6&#8243; custom_padding=&#8220;0|0px|0|0px|true|false&#8220; global_colors_info=&#8220;{}&#8220;][et_pb_row column_structure=&#8220;1_2,1_2&#8243; _builder_version=&#8220;4.16&#8243; _module_preset=&#8220;default&#8220; global_colors_info=&#8220;{}&#8220;][et_pb_column type=&#8220;1_2&#8243; _builder_version=&#8220;4.16&#8243; _module_preset=&#8220;default&#8220; global_colors_info=&#8220;{}&#8220;][et_pb_text _builder_version=&#8220;4.20.4&#8243; text_font=&#8220;Lora||||||||&#8220; text_font_size=&#8220;26px&#8220; text_line_height=&#8220;1.8em&#8220; header_font=&#8220;||||||||&#8220; header_text_align=&#8220;left&#8220; header_2_font=&#8220;Lora|700|||||||&#8220; header_2_font_size=&#8220;50px&#8220; header_2_line_height=&#8220;1.5em&#8220; header_3_font=&#8220;Lora|700|||||||&#8220; header_3_font_size=&#8220;42px&#8220; header_3_line_height=&#8220;1.5em&#8220; header_5_font=&#8220;Oswald|||on|||||&#8220; header_5_text_color=&#8220;rgba(0,0,0,0.4)&#8220; header_5_font_size=&#8220;20px&#8220; header_5_letter_spacing=&#8220;3px&#8220; max_width_tablet=&#8220;&#8220; max_width_phone=&#8220;&#8220; max_width_last_edited=&#8220;on|desktop&#8220; custom_margin_tablet=&#8220;|70px||70px&#8220; custom_margin_phone=&#8220;|50px||50px&#8220; custom_margin_last_edited=&#8220;off|desktop&#8220; custom_padding=&#8220;0px|||||&#8220; text_line_height_last_edited=&#8220;off|desktop&#8220; global_colors_info=&#8220;{}&#8220;]<\/p>\n<h5>Aktion Versorgungsk\u00e4sten<\/h5>\n<p><strong><\/strong><\/p>\n<p><strong>Uropa und Urenkelin<\/strong><\/p>\n<p>Damals war es nicht ungew\u00f6hnlich, dass bis zu vier Generationen unter einem Dach lebten.<\/p>\n<p>Das Foto zeigt Wilhelm Kiel, Loccumer Stra\u00dfe 172 (jetzt Hausnummer 33 auf der gegen\u00fcberliegenden Stra\u00dfenseite) mit seiner Urenkelin Christiane im Jahre 1958.<\/p>\n<p><strong>\u00a0<\/strong><\/p>\n<p>[\/et_pb_text][\/et_pb_column][et_pb_column type=&#8220;1_2&#8243; _builder_version=&#8220;4.16&#8243; _module_preset=&#8220;default&#8220; global_colors_info=&#8220;{}&#8220;][et_pb_image src=&#8220;http:\/\/www.d\u00f6rpverein-mhg.de\/wp-content\/uploads\/2023\/04\/Uropa_und_Urenkelin.jpg&#8220; title_text=&#8220;Uropa_und_Urenkelin&#8220; _builder_version=&#8220;4.20.4&#8243; _module_preset=&#8220;default&#8220; global_colors_info=&#8220;{}&#8220;][\/et_pb_image][\/et_pb_column][\/et_pb_row][\/et_pb_section]<\/p>\n","protected":false},"excerpt":{"rendered":"<p>Aktion Versorgungsk\u00e4sten Uropa und Urenkelin Damals war es nicht ungew\u00f6hnlich, dass bis zu vier Generationen unter einem Dach lebten. Das Foto zeigt Wilhelm Kiel, Loccumer Stra\u00dfe 172 (jetzt Hausnummer 33 auf der gegen\u00fcberliegenden Stra\u00dfenseite) mit seiner Urenkelin Christiane im Jahre 1958. \u00a0<\/p>\n","protected":false},"author":1,"featured_media":0,"parent":0,"menu_order":0,"comment_status":"closed","ping_status":"closed","template":"","meta":{"_et_pb_use_builder":"on","_et_pb_old_content":"","_et_gb_content_width":"","footnotes":""},"class_list":["post-1242","page","type-page","status-publish","hentry"],"_links":{"self":[{"href":"http:\/\/www.d\u00f6rpverein-mhg.de\/index.php?rest_route=\/wp\/v2\/pages\/1242","targetHints":{"allow":["GET"]}}],"collection":[{"href":"http:\/\/www.d\u00f6rpverein-mhg.de\/index.php?rest_route=\/wp\/v2\/pages"}],"about":[{"href":"http:\/\/www.d\u00f6rpverein-mhg.de\/index.php?rest_route=\/wp\/v2\/types\/page"}],"author":[{"embeddable":true,"href":"http:\/\/www.d\u00f6rpverein-mhg.de\/index.php?rest_route=\/wp\/v2\/users\/1"}],"replies":[{"embeddable":true,"href":"http:\/\/www.d\u00f6rpverein-mhg.de\/index.php?rest_route=%2Fwp%2Fv2%2Fcomments&post=1242"}],"version-history":[{"count":6,"href":"http:\/\/www.d\u00f6rpverein-mhg.de\/index.php?rest_route=\/wp\/v2\/pages\/1242\/revisions"}],"predecessor-version":[{"id":1439,"href":"http:\/\/www.d\u00f6rpverein-mhg.de\/index.php?rest_route=\/wp\/v2\/pages\/1242\/revisions\/1439"}],"wp:attachment":[{"href":"http:\/\/www.d\u00f6rpverein-mhg.de\/index.php?rest_route=%2Fwp%2Fv2%2Fmedia&parent=1242"}],"curies":[{"name":"wp","href":"https:\/\/api.w.org\/{rel}","templated":true}]}}