{"id":1813,"date":"2024-11-09T11:19:57","date_gmt":"2024-11-09T10:19:57","guid":{"rendered":"http:\/\/www.d\u00f6rpverein-mhg.de\/?page_id=1813"},"modified":"2025-09-21T14:14:55","modified_gmt":"2025-09-21T12:14:55","slug":"eine-ueberraschung-nach-der-anderen-2024","status":"publish","type":"page","link":"http:\/\/www.d\u00f6rpverein-mhg.de\/?page_id=1813","title":{"rendered":"Eine \u00dcberraschung nach der anderen 2024"},"content":{"rendered":"<p>[et_pb_section fb_built=&#8220;1&#8243; fullwidth=&#8220;on&#8220; admin_label=&#8220;Header Section&#8220; _builder_version=&#8220;4.16&#8243; background_color=&#8220;#f1f7e6&#8243; custom_margin=&#8220;|||&#8220; custom_padding=&#8220;|||&#8220; bottom_divider_color=&#8220;rgba(0,0,0,0)&#8220; border_color_all=&#8220;rgba(0,0,0,0)&#8220; global_colors_info=&#8220;{}&#8220;][et_pb_fullwidth_header text_orientation=&#8220;center&#8220; image_orientation=&#8220;bottom&#8220; content_max_width_tablet=&#8220;&#8220; content_max_width_phone=&#8220;&#8220; content_max_width_last_edited=&#8220;on|desktop&#8220; _builder_version=&#8220;4.16&#8243; title_font=&#8220;Lora|700|||||||&#8220; title_text_color=&#8220;#f1f7e6&#8243; title_font_size=&#8220;53px&#8220; title_line_height=&#8220;2em&#8220; content_font=&#8220;Lora||||||||&#8220; content_font_size=&#8220;22px&#8220; content_line_height=&#8220;2em&#8220; subhead_font=&#8220;Lora|700|||||||&#8220; subhead_text_color=&#8220;#f1f7e6&#8243; subhead_font_size=&#8220;44px&#8220; subhead_line_height=&#8220;1.6em&#8220; background_color=&#8220;rgba(255,255,255,0)&#8220; background_image=&#8220;http:\/\/www.d\u00f6rpverein-mhg.de\/\/wp-content\/uploads\/2019\/05\/mh.jpg&#8220; parallax=&#8220;on&#8220; parallax_method=&#8220;on&#8220; custom_button_one=&#8220;on&#8220; button_one_text_size=&#8220;16px&#8220; button_one_text_color=&#8220;#ffffff&#8220; button_one_bg_color=&#8220;#d29f68&#8243; button_one_border_width=&#8220;15px&#8220; button_one_border_color=&#8220;rgba(210,159,104,0)&#8220; button_one_border_radius=&#8220;100px&#8220; button_one_letter_spacing=&#8220;3px&#8220; button_one_font=&#8220;Oswald|||on|||||&#8220; button_one_use_icon=&#8220;off&#8220; custom_button_two=&#8220;on&#8220; button_two_text_size=&#8220;16px&#8220; button_two_text_color=&#8220;#ffffff&#8220; button_two_bg_color=&#8220;rgba(255,255,255,0.35)&#8220; button_two_border_width=&#8220;15px&#8220; button_two_border_color=&#8220;rgba(0,0,0,0)&#8220; button_two_border_radius=&#8220;100px&#8220; button_two_letter_spacing=&#8220;3px&#8220; button_two_font=&#8220;Oswald|||on|||||&#8220; button_two_use_icon=&#8220;off&#8220; custom_margin=&#8220;|||&#8220; custom_padding=&#8220;225px||225px||true&#8220; animation_style=&#8220;fade&#8220; animation_duration=&#8220;2000ms&#8220; animation_speed_curve=&#8220;ease-out&#8220; subhead_font_size_tablet=&#8220;&#8220; subhead_font_size_phone=&#8220;50px&#8220; subhead_font_size_last_edited=&#8220;on|desktop&#8220; title_text_shadow_style=&#8220;preset5&#8243; title_text_shadow_color=&#8220;#000000&#8243; subhead_text_shadow_style=&#8220;preset5&#8243; border_color_all=&#8220;#ffffff&#8220; button_one_border_radius_hover=&#8220;100px&#8220; button_one_bg_color_hover=&#8220;#cc8d66&#8243; button_two_bg_color_hover=&#8220;#d29f68&#8243; global_colors_info=&#8220;{}&#8220; button_one_text_size__hover_enabled=&#8220;off&#8220; button_two_text_size__hover_enabled=&#8220;off&#8220; button_one_text_color__hover_enabled=&#8220;off&#8220; button_two_text_color__hover_enabled=&#8220;off&#8220; button_one_border_width__hover_enabled=&#8220;off&#8220; button_two_border_width__hover_enabled=&#8220;off&#8220; button_one_border_color__hover_enabled=&#8220;off&#8220; button_two_border_color__hover_enabled=&#8220;off&#8220; button_one_border_radius__hover_enabled=&#8220;on&#8220; button_one_border_radius__hover=&#8220;100px&#8220; button_two_border_radius__hover_enabled=&#8220;off&#8220; button_one_letter_spacing__hover_enabled=&#8220;off&#8220; button_two_letter_spacing__hover_enabled=&#8220;off&#8220; button_one_bg_color__hover_enabled=&#8220;on&#8220; button_one_bg_color__hover=&#8220;#cc8d66&#8243; button_two_bg_color__hover_enabled=&#8220;on&#8220; button_two_bg_color__hover=&#8220;#d29f68&#8243;][\/et_pb_fullwidth_header][\/et_pb_section][et_pb_section fb_built=&#8220;1&#8243; admin_label=&#8220;Free Consultation&#8220; _builder_version=&#8220;4.16&#8243; background_color=&#8220;#f1f7e6&#8243; custom_padding=&#8220;0px|0px||0px&#8220; global_colors_info=&#8220;{}&#8220;][et_pb_row _builder_version=&#8220;4.16&#8243; custom_padding=&#8220;|||&#8220; global_colors_info=&#8220;{}&#8220;][et_pb_column type=&#8220;4_4&#8243; _builder_version=&#8220;4.16&#8243; custom_padding=&#8220;|||&#8220; global_colors_info=&#8220;{}&#8220; custom_padding__hover=&#8220;|||&#8220;][et_pb_cta title=&#8220;Eine \u00dcberraschung nach der anderen 2024&#8243; button_url=&#8220;#&#8220; _builder_version=&#8220;4.16&#8243; header_font=&#8220;Lora|700||on|||||&#8220; header_text_color=&#8220;#375729&#8243; header_font_size=&#8220;48px&#8220; header_letter_spacing=&#8220;2px&#8220; header_line_height=&#8220;2em&#8220; body_font=&#8220;Lora|||||on|||&#8220; body_text_color=&#8220;#375729&#8243; body_font_size=&#8220;43px&#8220; body_line_height=&#8220;1.4em&#8220; background_color=&#8220;#ffffff&#8220; width=&#8220;100%&#8220; max_width=&#8220;100%&#8220; custom_margin=&#8220;-100px|0px||0px||&#8220; custom_padding=&#8220;3%||0px|&#8220; animation_style=&#8220;slide&#8220; header_font_size_tablet=&#8220;&#8220; header_font_size_phone=&#8220;36px&#8220; header_font_size_last_edited=&#8220;on|desktop&#8220; border_radii=&#8220;on|20px|20px|20px|20px&#8220; box_shadow_style=&#8220;preset3&#8243; box_shadow_vertical=&#8220;15px&#8220; box_shadow_blur=&#8220;80px&#8220; box_shadow_color=&#8220;rgba(0,0,0,0.2)&#8220; button_border_radius_hover=&#8220;1px&#8220; locked=&#8220;off&#8220; global_colors_info=&#8220;{}&#8220; button_text_size__hover_enabled=&#8220;off&#8220; button_one_text_size__hover_enabled=&#8220;off&#8220; button_two_text_size__hover_enabled=&#8220;off&#8220; button_text_color__hover_enabled=&#8220;off&#8220; button_one_text_color__hover_enabled=&#8220;off&#8220; button_two_text_color__hover_enabled=&#8220;off&#8220; button_border_width__hover_enabled=&#8220;off&#8220; button_one_border_width__hover_enabled=&#8220;off&#8220; button_two_border_width__hover_enabled=&#8220;off&#8220; button_border_color__hover_enabled=&#8220;off&#8220; button_one_border_color__hover_enabled=&#8220;off&#8220; button_two_border_color__hover_enabled=&#8220;off&#8220; button_border_radius__hover_enabled=&#8220;on&#8220; button_border_radius__hover=&#8220;1px&#8220; button_one_border_radius__hover_enabled=&#8220;off&#8220; button_two_border_radius__hover_enabled=&#8220;off&#8220; button_letter_spacing__hover_enabled=&#8220;off&#8220; button_one_letter_spacing__hover_enabled=&#8220;off&#8220; button_two_letter_spacing__hover_enabled=&#8220;off&#8220; button_bg_color__hover_enabled=&#8220;off&#8220; button_one_bg_color__hover_enabled=&#8220;off&#8220; button_two_bg_color__hover_enabled=&#8220;off&#8220; transform_styles__hover_enabled=&#8220;on&#8220; transform_scale__hover_enabled=&#8220;on&#8220; transform_translate__hover_enabled=&#8220;on&#8220; transform_rotate__hover_enabled=&#8220;on&#8220; transform_skew__hover_enabled=&#8220;on&#8220; transform_origin__hover_enabled=&#8220;on&#8220; transform_scale__hover=&#8220;108%|108%&#8220;][\/et_pb_cta][\/et_pb_column][\/et_pb_row][\/et_pb_section][et_pb_section fb_built=&#8220;1&#8243; admin_label=&#8220;About Section&#8220; _builder_version=&#8220;4.16&#8243; background_color=&#8220;#f1f7e6&#8243; custom_padding=&#8220;0|0px|0|0px|true|false&#8220; global_colors_info=&#8220;{}&#8220;][et_pb_row admin_label=&#8220;About Row&#8220; _builder_version=&#8220;4.21.0&#8243; animation_style=&#8220;zoom&#8220; use_custom_width=&#8220;on&#8220; global_colors_info=&#8220;{}&#8220;][et_pb_column type=&#8220;4_4&#8243; _builder_version=&#8220;4.16&#8243; custom_padding=&#8220;|||&#8220; global_colors_info=&#8220;{}&#8220; custom_padding__hover=&#8220;|||&#8220;][et_pb_text _builder_version=&#8220;4.16&#8243; text_font=&#8220;Lora||||||||&#8220; text_font_size=&#8220;18px&#8220; text_line_height=&#8220;1.8em&#8220; header_2_font=&#8220;Lora|700|||||||&#8220; header_2_font_size=&#8220;50px&#8220; header_2_line_height=&#8220;1.5em&#8220; header_5_font=&#8220;Oswald|||on|||||&#8220; header_5_text_color=&#8220;rgba(0,0,0,0.4)&#8220; header_5_font_size=&#8220;20px&#8220; header_5_letter_spacing=&#8220;3px&#8220; max_width_tablet=&#8220;&#8220; max_width_phone=&#8220;&#8220; max_width_last_edited=&#8220;on|phone&#8220; custom_margin_tablet=&#8220;|70px||70px&#8220; custom_margin_phone=&#8220;|50px||50px&#8220; custom_margin_last_edited=&#8220;off|desktop&#8220; text_line_height_last_edited=&#8220;off|desktop&#8220; global_colors_info=&#8220;{}&#8220;]<\/p>\n<p style=\"text-align: justify;\"><strong>Am\u00fcsante \u00dcberraschungen<\/strong><\/p>\n<p style=\"text-align: justify;\"><strong><em>Theatersparte des M\u00f6nkeh\u00e4ger D\u00f6rpvereins l\u00e4utet die Weihnachtszeit mit einem kurzweiligen Sketcheabend ein <\/em><\/strong><\/p>\n<p style=\"text-align: justify;\">Nach f\u00fcnf Jahren Pause gab es in M\u00fcnchehagen endlich wieder etwas zu lachen. Die Theatersparte des M\u00f6nkeh\u00e4ger D\u00f6rpvereins kehrte nach langer Pause in die bei beiden Vorstellungen vollbesetzte Aula der Grundschule des Ortes zur\u00fcck und machte mit ihrem vergn\u00fcglichen Auftritt Lust auf mehr. Angesichts der langen Pause hat sich das Ensemble ver\u00e4ndert, die Deb\u00fctantinnen f\u00fcgten sich aber nahtlos in die Reihe der bereits b\u00fchnenerfahrenen Hobbyschauspielerinnen ein und wussten gekonnt ihr Publikum zu unterhalten. Unter der bew\u00e4hrten Regie von Willem-Alexander Rode vergingen die drei dargebotenen Sketche so wie im Fluge und lie\u00dfen das Publikum mit dem Verlangen nach Mehr zur\u00fcck.<\/p>\n<p style=\"text-align: justify;\">Zu Beginn durften die Zuschauerinnen und Zuschauer Zeugen eines eher ungew\u00f6hnlichen Vorstellungsgespr\u00e4chs werden. Die von Anne Moschner mit Mut zur Ekzentrik dargestellte Karina Schindler bewirbt sich auf den Posten einer Sekret\u00e4rin, ohne den eigentlich zu wollen. Ihr Ziel ist es vielmehr den Chef, Herrn Direktor Tempel, der von Hiltrud Lindenberg mit viel Energie gespielt wurde, zum Schwitzen zu bringen. Das gelingt ihr zum Vergn\u00fcgen der hochschwangeren momentanen Sekret\u00e4rin Frau S\u00fclzer, genussvoll ausgespielt von Andrea Kanne, hundertprozentig, aber auch f\u00fcr die schadenfreudige Angestellte hat die lispelnde Bewerberin noch eine \u00dcberraschung parat\u2026<\/p>\n<p style=\"text-align: justify;\">Der zweite und mit Abstand l\u00e4ngste Sketch des Abends spielte am Heiligen Abend und lie\u00df das Publikum mit dem Protagonisten Christian, der mit vollem K\u00f6rpereinsatz von Karen Wurz verk\u00f6rpert wurde, mitleiden. Am Heiligabend soll dieser n\u00e4mlich seinen zuk\u00fcnftigen Schwiegereltern kennenlernen und m\u00f6chte nat\u00fcrlich einen m\u00f6glichst positiven Eindruck machen. Seine Herzdame Sybille, bezaubernd dargestellt von Marlene Wruck, schafft es nur mit M\u00fche und Not ihren Liebsten im Vorfeld zu beruhigen, mit Eintreffen der Schwiegereltern werden Christians Bef\u00fcrchtungen aber bei Weitem \u00fcbertroffen. So muss er nicht nur vor dem Proleten Willi, dem von Hiltrud Lindenberg wunderbar machohaft Leben eingehaucht wurde, den starken Mann spielen, er muss auch vor der resoluten Helga, die Regina Mund mit gro\u00dfer Spielfreude auf die B\u00fchne brachte, versuchen Eindruck zu machen. Je weiter der Abend aber voranschreitet und je mehr sich die Katastrophen h\u00e4ufen, desto mehr resigniert der Schwiegersohnanw\u00e4rter, bis ihn die letzte \u00dcberraschung der beiden Besucher endg\u00fcltig aus den Latschen haut\u2026<\/p>\n<p style=\"text-align: justify;\">Zu guter letzt durften die Besucherinnen und Besucher einem Rendezvous beiwohnen, das anders verl\u00e4uft als geplant. Wie einst in der Geschichte von Cyrano de Bergerac traut sich der verklemmte Patrick nicht, seine Angebetete allein mit seiner Pers\u00f6nlichkeit von sich zu \u00fcberzeugen. Sein Kumpel Stephan, l\u00e4ssig verk\u00f6rpert von Anne Moschner, kocht ihm daher ein Vier-G\u00e4nge-Men\u00fc, um die rassige Marina, die Andrea Kanne bis in die Haarspitze lebte, zu beeindrucken. Dumm nur, dass Marina fr\u00fcher auftaucht als geplant und Stephan sich hinter dem Sofa verstecken muss, um Patrick nicht auffliegen zu lassen. Wie Karen Wurz als Patrick in der Folge immer mehr in Bedr\u00e4ngnis ger\u00e4t ist dank der darstellerischen Leistung der Deb\u00fctantin ein Genuss f\u00fcr den Zuschauer, die \u00dcberraschung, die Marina am Ende f\u00fcr ihn in Petto h\u00e4lt, haben aber sicher die wenigsten kommen sehen\u2026<\/p>\n<p style=\"text-align: justify;\">Souffleur Malte Wruck, der noch in den Proben oft der wichtigste Mann war, wurde erfreulich wenig gebraucht, so eingespielt war das gut harmonierende Team mittlerweile. Gut eingespielt war auch die Mannschaft hinter den Kulissen: Die schnellen Rollenwechsel klappten nicht zuletzt auch wegen der tollen Maskenarbeit von Ursel Bredemeier und Anja Brandes und der raschen Umbauarbeiten durch Willi Lindenberg und Malte Wruck reibungslos. Andreas Wulff half als Hausmeister der Grundschule nicht nur bei der Vorbereitung der R\u00e4umlichkeiten, sondern auch in technischen Fragen engagiert. Nicht zuletzt trugen die vielen flei\u00dfigen Helferinnen und Helfer des D\u00f6rpvereins M\u00fcnchehagen zum Gelingen des Abends bei, die unter anderem im Vorfeld und im Anschluss an die Auff\u00fchrung f\u00fcr Verpflegung sorgten. Allen Helferinnen und Helfern dankt der D\u00f6rpverein an dieser Stelle noch einmal herzlich. Die Auff\u00fchrungen der Theatersparte waren dank der Zusammenarbeit aller eine mehr als gelungene \u00dcberraschung.<\/p>\n<p style=\"text-align: justify;\">\n<p>[\/et_pb_text][et_pb_gallery gallery_ids=&#8220;1870,1871,1873,1876,1875,1874,1872,1878,1877,1879,1882,1885,1881,1880,1883,1884,1886,1892,1889,1888,1890,1893,1887,1894,1891,1895,1898,1900,1897,1896,1901,1899,1906,1903,1902,1908,1904,1909,1907,1905,1910,1911,1912,1913,1915,1914,1916,1919,1920,1917,1918&#8243; show_title_and_caption=&#8220;off&#8220; _builder_version=&#8220;4.21.0&#8243; _module_preset=&#8220;default&#8220; animation_style=&#8220;zoom&#8220; global_colors_info=&#8220;{}&#8220;][\/et_pb_gallery][et_pb_image src=&#8220;http:\/\/www.d\u00f6rpverein-mhg.de\/wp-content\/uploads\/2024\/12\/Gruppenfoto_Theater_2024.jpg&#8220; _builder_version=&#8220;4.21.0&#8243; _module_preset=&#8220;default&#8220; animation_style=&#8220;zoom&#8220; global_colors_info=&#8220;{}&#8220;][\/et_pb_image][et_pb_video src=&#8220;https:\/\/youtu.be\/3cn0g-BwH8g&#8220; _builder_version=&#8220;4.21.0&#8243; _module_preset=&#8220;default&#8220; hover_enabled=&#8220;0&#8243; sticky_enabled=&#8220;0&#8243;][\/et_pb_video][et_pb_text _builder_version=&#8220;4.21.0&#8243; text_font=&#8220;Lora||||||||&#8220; text_font_size=&#8220;26px&#8220; text_line_height=&#8220;1.8em&#8220; header_font=&#8220;||||||||&#8220; header_text_align=&#8220;left&#8220; header_2_font=&#8220;Lora|700|||||||&#8220; header_2_font_size=&#8220;50px&#8220; header_2_line_height=&#8220;1.5em&#8220; header_3_font=&#8220;Lora|700|||||||&#8220; header_3_font_size=&#8220;42px&#8220; header_3_line_height=&#8220;1.5em&#8220; header_5_font=&#8220;Oswald|||on|||||&#8220; header_5_text_color=&#8220;rgba(0,0,0,0.4)&#8220; header_5_font_size=&#8220;20px&#8220; header_5_letter_spacing=&#8220;3px&#8220; max_width_tablet=&#8220;&#8220; max_width_phone=&#8220;&#8220; max_width_last_edited=&#8220;on|desktop&#8220; custom_margin_tablet=&#8220;|70px||70px&#8220; custom_margin_phone=&#8220;|50px||50px&#8220; custom_margin_last_edited=&#8220;off|desktop&#8220; custom_padding=&#8220;||9px|||&#8220; animation_style=&#8220;zoom&#8220; text_line_height_last_edited=&#8220;off|desktop&#8220; global_colors_info=&#8220;{}&#8220;]<\/p>\n<p><strong><em>Theatersparte des D\u00f6rpvereins M\u00fcnchehagen bereitet sich auf Auff\u00fchrung eines heiteren Sketcheabends vor<\/em><\/strong><\/p>\n<p>[\/et_pb_text][et_pb_image src=&#8220;http:\/\/www.d\u00f6rpverein-mhg.de\/wp-content\/uploads\/2024\/11\/Eine-Ueberraschng-nach-der-anderen-1.jpg&#8220; align=&#8220;center&#8220; _builder_version=&#8220;4.21.0&#8243; _module_preset=&#8220;default&#8220; animation_style=&#8220;zoom&#8220; global_colors_info=&#8220;{}&#8220;][\/et_pb_image][et_pb_text _builder_version=&#8220;4.21.0&#8243; text_font=&#8220;Lora||||||||&#8220; text_font_size=&#8220;18px&#8220; text_line_height=&#8220;1.8em&#8220; header_2_font=&#8220;Lora|700|||||||&#8220; header_2_font_size=&#8220;50px&#8220; header_2_line_height=&#8220;1.5em&#8220; header_5_font=&#8220;Oswald|||on|||||&#8220; header_5_text_color=&#8220;rgba(0,0,0,0.4)&#8220; header_5_font_size=&#8220;20px&#8220; header_5_letter_spacing=&#8220;3px&#8220; max_width_tablet=&#8220;&#8220; max_width_phone=&#8220;&#8220; max_width_last_edited=&#8220;on|phone&#8220; custom_margin_tablet=&#8220;|70px||70px&#8220; custom_margin_phone=&#8220;|50px||50px&#8220; custom_margin_last_edited=&#8220;off|desktop&#8220; animation_style=&#8220;zoom&#8220; text_line_height_last_edited=&#8220;off|desktop&#8220; global_colors_info=&#8220;{}&#8220;]<\/p>\n<p><strong>Ein Kessel Buntes<\/strong><\/p>\n<p><strong><em>Theatersparte des D\u00f6rpvereins M\u00fcnchehagen bereitet sich auf Auff\u00fchrung eines heiteren Sketcheabends vor<\/em><\/strong><\/p>\n<p>F\u00fcnf Jahre ist es mittlerweile schon her, dass die Theatersparte des D\u00f6rpvereins M\u00fcnchehagen in der Grundschule M\u00fcnchehagen seinem Publikum einen vergn\u00fcglichen Abend bereitet hat. Mit dem Einsetzen der Coronapandemie hat aber auch diese Gruppe \u2013 wie so viele andere auch &#8211; einen Stillstand ihrer T\u00e4tigkeit erfahren und es hat gedauert, bis sich wieder eine mutige Truppe gefunden zusammengefunden hat, die bereit war, sich der Herausforderung zu stellen, auf der B\u00fchne in Rollen zu schl\u00fcpfen, die jenseits der eigenen und gewohnten Komfortzone liegen.<\/p>\n<p>Spartenleiterin Hiltrud Lindenberg ist es gelungen, ein Team von bereits erfahrenen B\u00fchnenveteraninnen (Regina Mund, Andrea Kanne und Hiltrund Lindenberg) und begabter Deb\u00fctantinnen (Marlene Wruck, Karen Wurz und Anne Moschner) zusammenzustellen, das nun nach langen und intensiven Proben unter der bew\u00e4hrten Leitung von Willem-Alexander Rode ihr K\u00f6nnen in zwei geplanten Auff\u00fchrungen unter Beweis stellen will. Zur Einl\u00e4utung der der Advents- und Weihnachtszeit soll das Publikum in drei heiteren Sketchen \u201eEine \u00dcberraschung nach der anderen\u201c erleben \u2013 so das Motto der Veranstaltung. Dabei wird man sich \u00fcber die T\u00fccken des Lebens \u00a0und eigenwillige Charaktere am\u00fcsieren k\u00f6nnen, die so mache Situation aus dem Ruder laufen lassen. Ob es ein unkonventionelles und unerwartet verlaufenes Vorstellungsgespr\u00e4ch ist, die T\u00fccken des ersten Besuchs der Schwiegereltern ausgerechnet zum Weihnachtsfest sind oder der unbeholfene Versuch eines Freundes, seinem Kumpel w\u00e4hrend eines Rendezvous zu helfen, ist, am Ende liegen die Nerven der Protagonisten auf der B\u00fchne blank &#8211; und die Lachmuskeln des Publikums sind strapaziert.<\/p>\n<p>Am Ende steht wie immer die Erkenntnis im Leben, dass es darum geht, mit allen Hindernissen und T\u00fccken, die sich auftun, kreativ umzugehen und das Beste daraus zu machen. Deshalb sind die Sektche auch der perfekte Wiedereinstieg in die Zeit nach der langen Pause f\u00fcr die Theatersparte: Sie verk\u00f6rpert die Quintessenz dieser Botschaft selbst perfekt. Nach langen anstrengenden Probenterminen ist es am ersten Adventswochenende endlich so weit, das Ergebnis des engagierten Arbeitsprozesses der \u00d6ffentlichkeit pr\u00e4sentieren zu k\u00f6nnen. Am Freitag, den 29.11.2024 um 19.30 Uhr und am Sonntag, den 01.12.2024 um 15.30 Uhr sind alle Interessierten herzlich in die Grundschule M\u00fcnchehagen eingeladen. An beiden Tagen l\u00e4sst es sich der D\u00f6rpsverein nicht nehmen mit einem reichhaltigen Angebot an Speisen und Getr\u00e4nken auch f\u00fcr das leibliche Wohl der G\u00e4ste zu sorgen. Es w\u00e4re sch\u00f6n, wenn das Engagement aller Beteiligten mit einem vollen Haus belohnt werden w\u00fcrde. Am 01.12. wird daher schon ab 14 Uhr vorab zu Kaffee und Kuchen geladen. Die Zuschauerinnen und Zuschauer erwartet jedenfalls eine Vorstellung voller \u00dcberraschungen, vergn\u00fcglicher Momente, eigenwilliger Charaktere, unerwarteter Entwicklungen und einem Schuss Erleichterung, dass man selbst nicht in diesen Situationen steckt.<\/p>\n<p>Der Eintritt ist frei, Spenden sind erbeten.<\/p>\n<p>[\/et_pb_text][\/et_pb_column][\/et_pb_row][et_pb_row _builder_version=&#8220;4.21.0&#8243; _module_preset=&#8220;default&#8220; global_colors_info=&#8220;{}&#8220;][et_pb_column type=&#8220;4_4&#8243; _builder_version=&#8220;4.21.0&#8243; _module_preset=&#8220;default&#8220; global_colors_info=&#8220;{}&#8220;][et_pb_image src=&#8220;http:\/\/www.d\u00f6rpverein-mhg.de\/wp-content\/uploads\/2024\/11\/Gruppenfoto.jpg&#8220; _builder_version=&#8220;4.21.0&#8243; _module_preset=&#8220;default&#8220; animation_style=&#8220;zoom&#8220; global_colors_info=&#8220;{}&#8220;][\/et_pb_image][\/et_pb_column][\/et_pb_row][\/et_pb_section]<\/p>\n","protected":false},"excerpt":{"rendered":"<p>Am\u00fcsante \u00dcberraschungen Theatersparte des M\u00f6nkeh\u00e4ger D\u00f6rpvereins l\u00e4utet die Weihnachtszeit mit einem kurzweiligen Sketcheabend ein Nach f\u00fcnf Jahren Pause gab es in M\u00fcnchehagen endlich wieder etwas zu lachen. Die Theatersparte des M\u00f6nkeh\u00e4ger D\u00f6rpvereins kehrte nach langer Pause in die bei beiden Vorstellungen vollbesetzte Aula der Grundschule des Ortes zur\u00fcck und machte mit ihrem vergn\u00fcglichen Auftritt Lust [&hellip;]<\/p>\n","protected":false},"author":1,"featured_media":0,"parent":0,"menu_order":0,"comment_status":"closed","ping_status":"closed","template":"","meta":{"_et_pb_use_builder":"on","_et_pb_old_content":"","_et_gb_content_width":"","footnotes":""},"class_list":["post-1813","page","type-page","status-publish","hentry"],"_links":{"self":[{"href":"http:\/\/www.d\u00f6rpverein-mhg.de\/index.php?rest_route=\/wp\/v2\/pages\/1813","targetHints":{"allow":["GET"]}}],"collection":[{"href":"http:\/\/www.d\u00f6rpverein-mhg.de\/index.php?rest_route=\/wp\/v2\/pages"}],"about":[{"href":"http:\/\/www.d\u00f6rpverein-mhg.de\/index.php?rest_route=\/wp\/v2\/types\/page"}],"author":[{"embeddable":true,"href":"http:\/\/www.d\u00f6rpverein-mhg.de\/index.php?rest_route=\/wp\/v2\/users\/1"}],"replies":[{"embeddable":true,"href":"http:\/\/www.d\u00f6rpverein-mhg.de\/index.php?rest_route=%2Fwp%2Fv2%2Fcomments&post=1813"}],"version-history":[{"count":9,"href":"http:\/\/www.d\u00f6rpverein-mhg.de\/index.php?rest_route=\/wp\/v2\/pages\/1813\/revisions"}],"predecessor-version":[{"id":2107,"href":"http:\/\/www.d\u00f6rpverein-mhg.de\/index.php?rest_route=\/wp\/v2\/pages\/1813\/revisions\/2107"}],"wp:attachment":[{"href":"http:\/\/www.d\u00f6rpverein-mhg.de\/index.php?rest_route=%2Fwp%2Fv2%2Fmedia&parent=1813"}],"curies":[{"name":"wp","href":"https:\/\/api.w.org\/{rel}","templated":true}]}}