{"id":550,"date":"2020-05-05T21:50:22","date_gmt":"2020-05-05T19:50:22","guid":{"rendered":"http:\/\/www.d\u00f6rpverein-mhg.de\/wp\/?page_id=550"},"modified":"2025-11-09T22:26:57","modified_gmt":"2025-11-09T21:26:57","slug":"berichte-chronik-sparte","status":"publish","type":"page","link":"http:\/\/www.d\u00f6rpverein-mhg.de\/?page_id=550","title":{"rendered":"Berichte Chronik-Sparte"},"content":{"rendered":"<p>[et_pb_section fb_built=&#8220;1&#8243; fullwidth=&#8220;on&#8220; admin_label=&#8220;Header Section&#8220; _builder_version=&#8220;4.16&#8243; background_color=&#8220;#f1f7e6&#8243; custom_margin=&#8220;|||&#8220; custom_padding=&#8220;|||&#8220; bottom_divider_color=&#8220;rgba(0,0,0,0)&#8220; border_color_all=&#8220;rgba(0,0,0,0)&#8220; global_colors_info=&#8220;{}&#8220;][et_pb_fullwidth_header text_orientation=&#8220;center&#8220; image_orientation=&#8220;bottom&#8220; content_max_width_tablet=&#8220;&#8220; content_max_width_phone=&#8220;&#8220; content_max_width_last_edited=&#8220;on|desktop&#8220; _builder_version=&#8220;4.16&#8243; title_font=&#8220;Lora|700|||||||&#8220; title_text_color=&#8220;#f1f7e6&#8243; title_font_size=&#8220;53px&#8220; title_line_height=&#8220;2em&#8220; content_font=&#8220;Lora||||||||&#8220; content_font_size=&#8220;22px&#8220; content_line_height=&#8220;2em&#8220; subhead_font=&#8220;Lora|700|||||||&#8220; subhead_text_color=&#8220;#f1f7e6&#8243; subhead_font_size=&#8220;44px&#8220; subhead_line_height=&#8220;1.6em&#8220; background_color=&#8220;rgba(255,255,255,0)&#8220; background_image=&#8220;http:\/\/www.d\u00f6rpverein-mhg.de\/\/wp-content\/uploads\/2019\/05\/mh.jpg&#8220; parallax=&#8220;on&#8220; parallax_method=&#8220;on&#8220; custom_button_one=&#8220;on&#8220; button_one_text_size=&#8220;16px&#8220; button_one_text_color=&#8220;#ffffff&#8220; button_one_bg_color=&#8220;#d29f68&#8243; button_one_border_width=&#8220;15px&#8220; button_one_border_color=&#8220;rgba(210,159,104,0)&#8220; button_one_border_radius=&#8220;100px&#8220; button_one_letter_spacing=&#8220;3px&#8220; button_one_font=&#8220;Oswald|||on|||||&#8220; button_one_use_icon=&#8220;off&#8220; custom_button_two=&#8220;on&#8220; button_two_text_size=&#8220;16px&#8220; button_two_text_color=&#8220;#ffffff&#8220; button_two_bg_color=&#8220;rgba(255,255,255,0.35)&#8220; button_two_border_width=&#8220;15px&#8220; button_two_border_color=&#8220;rgba(0,0,0,0)&#8220; button_two_border_radius=&#8220;100px&#8220; button_two_letter_spacing=&#8220;3px&#8220; button_two_font=&#8220;Oswald|||on|||||&#8220; button_two_use_icon=&#8220;off&#8220; custom_margin=&#8220;|||&#8220; custom_padding=&#8220;225px||225px||true&#8220; animation_style=&#8220;fade&#8220; animation_duration=&#8220;2000ms&#8220; animation_speed_curve=&#8220;ease-out&#8220; subhead_font_size_tablet=&#8220;&#8220; subhead_font_size_phone=&#8220;50px&#8220; subhead_font_size_last_edited=&#8220;on|desktop&#8220; title_text_shadow_style=&#8220;preset5&#8243; title_text_shadow_color=&#8220;#000000&#8243; subhead_text_shadow_style=&#8220;preset5&#8243; border_color_all=&#8220;#ffffff&#8220; button_one_border_radius_hover=&#8220;100px&#8220; button_one_bg_color_hover=&#8220;#cc8d66&#8243; button_two_bg_color_hover=&#8220;#d29f68&#8243; global_colors_info=&#8220;{}&#8220; button_one_text_size__hover_enabled=&#8220;off&#8220; button_two_text_size__hover_enabled=&#8220;off&#8220; button_one_text_color__hover_enabled=&#8220;off&#8220; button_two_text_color__hover_enabled=&#8220;off&#8220; button_one_border_width__hover_enabled=&#8220;off&#8220; button_two_border_width__hover_enabled=&#8220;off&#8220; button_one_border_color__hover_enabled=&#8220;off&#8220; button_two_border_color__hover_enabled=&#8220;off&#8220; button_one_border_radius__hover_enabled=&#8220;on&#8220; button_one_border_radius__hover=&#8220;100px&#8220; button_two_border_radius__hover_enabled=&#8220;off&#8220; button_one_letter_spacing__hover_enabled=&#8220;off&#8220; button_two_letter_spacing__hover_enabled=&#8220;off&#8220; button_one_bg_color__hover_enabled=&#8220;on&#8220; button_one_bg_color__hover=&#8220;#cc8d66&#8243; button_two_bg_color__hover_enabled=&#8220;on&#8220; button_two_bg_color__hover=&#8220;#d29f68&#8243;][\/et_pb_fullwidth_header][\/et_pb_section][et_pb_section fb_built=&#8220;1&#8243; admin_label=&#8220;Free Consultation&#8220; _builder_version=&#8220;4.16&#8243; background_color=&#8220;#f1f7e6&#8243; custom_padding=&#8220;0px|0px||0px&#8220; global_colors_info=&#8220;{}&#8220;][et_pb_row _builder_version=&#8220;4.16&#8243; custom_padding=&#8220;|||&#8220; global_colors_info=&#8220;{}&#8220;][et_pb_column type=&#8220;4_4&#8243; _builder_version=&#8220;4.16&#8243; custom_padding=&#8220;|||&#8220; global_colors_info=&#8220;{}&#8220; custom_padding__hover=&#8220;|||&#8220;][et_pb_cta title=&#8220;Berichte Chronik-Sparte&#8220; button_url=&#8220;#&#8220; _builder_version=&#8220;4.16&#8243; header_font=&#8220;Lora|700||on|||||&#8220; header_text_color=&#8220;#375729&#8243; header_font_size=&#8220;48px&#8220; header_letter_spacing=&#8220;2px&#8220; header_line_height=&#8220;2em&#8220; body_font=&#8220;Lora|||||on|||&#8220; body_text_color=&#8220;#375729&#8243; body_font_size=&#8220;43px&#8220; body_line_height=&#8220;1.4em&#8220; background_color=&#8220;#ffffff&#8220; width=&#8220;100%&#8220; max_width=&#8220;100%&#8220; custom_margin=&#8220;-100px|0px||0px||&#8220; custom_padding=&#8220;3%||0px|&#8220; animation_style=&#8220;slide&#8220; header_font_size_tablet=&#8220;&#8220; header_font_size_phone=&#8220;36px&#8220; header_font_size_last_edited=&#8220;on|desktop&#8220; border_radii=&#8220;on|20px|20px|20px|20px&#8220; box_shadow_style=&#8220;preset3&#8243; box_shadow_vertical=&#8220;15px&#8220; box_shadow_blur=&#8220;80px&#8220; box_shadow_color=&#8220;rgba(0,0,0,0.2)&#8220; button_border_radius_hover=&#8220;1px&#8220; locked=&#8220;off&#8220; global_colors_info=&#8220;{}&#8220; button_text_size__hover_enabled=&#8220;off&#8220; button_one_text_size__hover_enabled=&#8220;off&#8220; button_two_text_size__hover_enabled=&#8220;off&#8220; button_text_color__hover_enabled=&#8220;off&#8220; button_one_text_color__hover_enabled=&#8220;off&#8220; button_two_text_color__hover_enabled=&#8220;off&#8220; button_border_width__hover_enabled=&#8220;off&#8220; button_one_border_width__hover_enabled=&#8220;off&#8220; button_two_border_width__hover_enabled=&#8220;off&#8220; button_border_color__hover_enabled=&#8220;off&#8220; button_one_border_color__hover_enabled=&#8220;off&#8220; button_two_border_color__hover_enabled=&#8220;off&#8220; button_border_radius__hover_enabled=&#8220;on&#8220; button_border_radius__hover=&#8220;1px&#8220; button_one_border_radius__hover_enabled=&#8220;off&#8220; button_two_border_radius__hover_enabled=&#8220;off&#8220; button_letter_spacing__hover_enabled=&#8220;off&#8220; button_one_letter_spacing__hover_enabled=&#8220;off&#8220; button_two_letter_spacing__hover_enabled=&#8220;off&#8220; button_bg_color__hover_enabled=&#8220;off&#8220; button_one_bg_color__hover_enabled=&#8220;off&#8220; button_two_bg_color__hover_enabled=&#8220;off&#8220; transform_styles__hover_enabled=&#8220;on&#8220; transform_scale__hover_enabled=&#8220;on&#8220; transform_translate__hover_enabled=&#8220;on&#8220; transform_rotate__hover_enabled=&#8220;on&#8220; transform_skew__hover_enabled=&#8220;on&#8220; transform_origin__hover_enabled=&#8220;on&#8220; transform_scale__hover=&#8220;108%|108%&#8220;][\/et_pb_cta][\/et_pb_column][\/et_pb_row][\/et_pb_section][et_pb_section fb_built=&#8220;1&#8243; admin_label=&#8220;About Section&#8220; _builder_version=&#8220;4.16&#8243; background_color=&#8220;#f1f7e6&#8243; custom_padding=&#8220;0|0px|0|0px|true|false&#8220; global_colors_info=&#8220;{}&#8220;][et_pb_row admin_label=&#8220;About Row&#8220; _builder_version=&#8220;4.16&#8243; animation_style=&#8220;fade&#8220; use_custom_width=&#8220;on&#8220; global_colors_info=&#8220;{}&#8220;][et_pb_column type=&#8220;4_4&#8243; _builder_version=&#8220;4.16&#8243; custom_padding=&#8220;|||&#8220; global_colors_info=&#8220;{}&#8220; custom_padding__hover=&#8220;|||&#8220;][et_pb_text _builder_version=&#8220;4.16&#8243; text_font=&#8220;Lora||||||||&#8220; text_font_size=&#8220;26px&#8220; text_line_height=&#8220;1.8em&#8220; header_font=&#8220;||||||||&#8220; header_text_align=&#8220;left&#8220; header_2_font=&#8220;Lora|700|||||||&#8220; header_2_font_size=&#8220;50px&#8220; header_2_line_height=&#8220;1.5em&#8220; header_3_font=&#8220;Lora|700|||||||&#8220; header_3_font_size=&#8220;42px&#8220; header_3_line_height=&#8220;1.5em&#8220; header_5_font=&#8220;Oswald|||on|||||&#8220; header_5_text_color=&#8220;rgba(0,0,0,0.4)&#8220; header_5_font_size=&#8220;20px&#8220; header_5_letter_spacing=&#8220;3px&#8220; max_width_tablet=&#8220;&#8220; max_width_phone=&#8220;&#8220; max_width_last_edited=&#8220;on|desktop&#8220; custom_margin_tablet=&#8220;|70px||70px&#8220; custom_margin_phone=&#8220;|50px||50px&#8220; custom_margin_last_edited=&#8220;off|desktop&#8220; text_line_height_last_edited=&#8220;off|desktop&#8220; global_colors_info=&#8220;{}&#8220;]<\/p>\n<p><strong>Aktuelle Berichte der Chronik-Sparte um Spartenleiterin Christiane Kruse<br \/><\/strong><\/p>\n<p>[\/et_pb_text][et_pb_video src=&#8220;https:\/\/youtu.be\/jjMJk3iX0F8&#8243; _builder_version=&#8220;4.21.0&#8243; _module_preset=&#8220;default&#8220; hover_enabled=&#8220;0&#8243; sticky_enabled=&#8220;0&#8243;][\/et_pb_video][et_pb_text _builder_version=&#8220;4.16&#8243; text_font=&#8220;Lora||||||||&#8220; text_font_size=&#8220;18px&#8220; text_line_height=&#8220;1.8em&#8220; header_2_font=&#8220;Lora|700|||||||&#8220; header_2_font_size=&#8220;50px&#8220; header_2_line_height=&#8220;1.5em&#8220; header_5_font=&#8220;Oswald|||on|||||&#8220; header_5_text_color=&#8220;rgba(0,0,0,0.4)&#8220; header_5_font_size=&#8220;20px&#8220; header_5_letter_spacing=&#8220;3px&#8220; max_width_tablet=&#8220;&#8220; max_width_phone=&#8220;&#8220; max_width_last_edited=&#8220;on|phone&#8220; custom_margin_tablet=&#8220;|70px||70px&#8220; custom_margin_phone=&#8220;|50px||50px&#8220; custom_margin_last_edited=&#8220;off|desktop&#8220; text_line_height_last_edited=&#8220;off|desktop&#8220; global_colors_info=&#8220;{}&#8220;]<\/p>\n<p><strong>Vom alten Bergbau in M\u00fcnchehagen<\/strong><\/p>\n<p style=\"text-align: justify;\">Die Kohlevorkommen in den Rehburger Bergen wurden bereits etwa Ende des 17. Jahrhunderts entdeckt, aber erst 1750 begann der eigentliche Kohleabbau. Fast alle Abbauorte lagen innerhalb des Rechtsgebietes des Kloster Loccum. Das Kloster allein hatte die damit verbundene Abbau-Berechtigung. Es profitierte somit enorm von den Kohlevorkommen und dem Abbau.<\/p>\n<p style=\"text-align: justify;\">Das wichtigste Grubenfeld erstreckte sich zun\u00e4chst vom Mundloch des Klosterstollen (Hormannshausen) \u00fcber den Loccumer Berg zum Emilienschacht beim heutigen Dino-Park und dem Maximilianschacht (Abraumhalde beim Freibad M\u00fcnchehagen). Den Abbau besorgten \u00fcberwiegend Untertanen aus M\u00fcnchehagen, Loccum, Rehburg und Winzlar. Die Kohle wurde oberfl\u00e4chennah im Tagebau (Pingen), bei gr\u00f6\u00dferen Tiefen (10-30m) mittels Stollen und \u2013 bei \u00fcber 50 m \u2013 in Sch\u00e4chten gef\u00f6rdert. Wichtige Sch\u00e4chte und Stollen waren mit Namen versehen, z.B. Georgstollen, Klosterstollen, Emilienschacht, Georgschacht. Die im Tagebau betriebenen Gruben (Pingen) waren namenlos. L\u00e4ngere Streckenabschnitte waren mit F\u00f6rdersch\u00e4chten versehen, die die Bel\u00fcftung und den effektiven Abtransport vereinfachten.<\/p>\n<p style=\"text-align: justify;\">Den Gro\u00dfteil ihres Einkommens erwirtschafteten die Dorfbewohner auf der eigenen Scholle. Eine kleine Minderheit fand Arbeit in den Bergwerken. Auch Kinder ab 10 Jahren wurden in den Kohleabbau als \u201eLaufjungen\u201c eingebunden, die in den h\u00e4ufig nur 90cm hohen G\u00e4ngen auf kleinen Karren (Hunt) die Kohle im Dunkeln abtransportierten. Der \u201eHauer\u201c, der die Kohle der schmalen Fl\u00f6ze (diese hatten eine M\u00e4chtigkeit von etwa 15-30 cm, manchmal auch nur 9 cm) abbaute, arbeitete in gestreckter Lage des K\u00f6rpers auf einer Seite liegend mit einer hammer\u00e4hnlichen kurzen Hacke.<\/p>\n<p style=\"text-align: justify;\">Der neben ihm arbeitende \u201eF\u00fcller\u201c bef\u00fcllte den Transportbeh\u00e4lter (Hunt), der nicht immer R\u00e4der hatte, mit der gerade gehauenen Kohle, die dann von dem L\u00e4ufer (h\u00e4ufig noch ein Kind) zum \u201eHaspelknecht\u201c (Transportarbeiter) oder zum Hauptgang gezogen oder geschoben wurde.<\/p>\n<p style=\"text-align: justify;\">In den tieferen Sch\u00e4chten kamen auch Pferde zum Einsatz, die bis zum Lebensende kein Tageslicht mehr sahen.<\/p>\n<p style=\"text-align: justify;\">Benachbarte Ziegeleien, Schmieden und Branntweinbrennereien waren Abnehmer der Kohle. F\u00fcr die Bergleute gab es aber auch ein Deputat f\u00fcr die eigene Versorgung. Da keine f\u00fcr den Abtransport geeigneten Verkehrswege existierten, erfolgte die Vermarktung ausschlie\u00dflich ortsnah. Mit Pferde- oder Ochsenfuhrwerken wurde die gewonnene Kohle m\u00fchselig auf schlechten, furchen\u00e4hnlichen Wegen durch den Wald abtransportiert.<\/p>\n<p style=\"text-align: justify;\">Die abgebaute Kohle hatte allerdings keinen guten Brennwert. Sie war m\u00e4\u00dfig im Vergleich zur Kohle aus dem Ruhrgebiet. Oder aus Oberschlesien. Dieser Umstand f\u00fchrte schlie\u00dflich dazu, dass durch die Industrialisierung im 19. Jahrhundert im Ruhrgebiet und der Bau der Eisenbahn die hochwertige Kohle importiert werden konnte. Die Kohle aus den Rehburger Bergen verlor zunehmend an Bedeutung. Der lokale Bergbau endete im Jahr 1924. Allerdings wurden w\u00e4hrend des 2. Weltkrieges und in der schweren Zeit danach einige Stollen wieder illegal aktiviert, um den h\u00e4uslichen Bedarf sicherzustellen. Die Schlie\u00dfungen bedeuteten f\u00fcr ca. 120 Bergleute und ihre Familien in M\u00fcnchehagen eine absolute Katastrophe, denn nun war der Unterhalt der Familie nicht mehr sichergestellt. Notgedrungen machten sich viele M\u00e4nner zu Fu\u00df auf den Weg nach Holland zum Grasm\u00e4hen und blieben oft monatelang\u00a0 fern von ihren Familien. Aber das ist ein ganz anderes Kapitel unserer Dorfgeschichte.<\/p>\n<p style=\"text-align: justify;\">Die Arbeitszeit der Bergleute waren im Sommer von 06.00 \u2013 18.00 und im Winter von 07.00 \u2013 15.00 Uhr. Arbeitsschutzbestimmungen wie wir sie heute kennen, gab es praktisch keine. Die Unfallgefahr war immer sehr gro\u00df. Die Lebenserwartung eines Bergmanns lag um 1800 \u2013 1850 bei etwa 35 Jahren.<\/p>\n<p>[\/et_pb_text][\/et_pb_column][\/et_pb_row][\/et_pb_section]<\/p>\n","protected":false},"excerpt":{"rendered":"<p>Aktuelle Berichte der Chronik-Sparte um Spartenleiterin Christiane KruseVom alten Bergbau in M\u00fcnchehagen Die Kohlevorkommen in den Rehburger Bergen wurden bereits etwa Ende des 17. Jahrhunderts entdeckt, aber erst 1750 begann der eigentliche Kohleabbau. Fast alle Abbauorte lagen innerhalb des Rechtsgebietes des Kloster Loccum. Das Kloster allein hatte die damit verbundene Abbau-Berechtigung. Es profitierte somit enorm [&hellip;]<\/p>\n","protected":false},"author":1,"featured_media":0,"parent":0,"menu_order":0,"comment_status":"closed","ping_status":"closed","template":"","meta":{"_et_pb_use_builder":"on","_et_pb_old_content":"","_et_gb_content_width":"","footnotes":""},"class_list":["post-550","page","type-page","status-publish","hentry"],"_links":{"self":[{"href":"http:\/\/www.d\u00f6rpverein-mhg.de\/index.php?rest_route=\/wp\/v2\/pages\/550","targetHints":{"allow":["GET"]}}],"collection":[{"href":"http:\/\/www.d\u00f6rpverein-mhg.de\/index.php?rest_route=\/wp\/v2\/pages"}],"about":[{"href":"http:\/\/www.d\u00f6rpverein-mhg.de\/index.php?rest_route=\/wp\/v2\/types\/page"}],"author":[{"embeddable":true,"href":"http:\/\/www.d\u00f6rpverein-mhg.de\/index.php?rest_route=\/wp\/v2\/users\/1"}],"replies":[{"embeddable":true,"href":"http:\/\/www.d\u00f6rpverein-mhg.de\/index.php?rest_route=%2Fwp%2Fv2%2Fcomments&post=550"}],"version-history":[{"count":10,"href":"http:\/\/www.d\u00f6rpverein-mhg.de\/index.php?rest_route=\/wp\/v2\/pages\/550\/revisions"}],"predecessor-version":[{"id":2142,"href":"http:\/\/www.d\u00f6rpverein-mhg.de\/index.php?rest_route=\/wp\/v2\/pages\/550\/revisions\/2142"}],"wp:attachment":[{"href":"http:\/\/www.d\u00f6rpverein-mhg.de\/index.php?rest_route=%2Fwp%2Fv2%2Fmedia&parent=550"}],"curies":[{"name":"wp","href":"https:\/\/api.w.org\/{rel}","templated":true}]}}