{"id":559,"date":"2020-05-05T21:56:55","date_gmt":"2020-05-05T19:56:55","guid":{"rendered":"http:\/\/www.d\u00f6rpverein-mhg.de\/wp\/?page_id=559"},"modified":"2025-03-26T22:06:48","modified_gmt":"2025-03-26T21:06:48","slug":"berichte-oldtimer-sparte","status":"publish","type":"page","link":"http:\/\/www.d\u00f6rpverein-mhg.de\/?page_id=559","title":{"rendered":"Berichte Oldtimer-Sparte"},"content":{"rendered":"<p>[et_pb_section fb_built=&#8220;1&#8243; fullwidth=&#8220;on&#8220; admin_label=&#8220;Header Section&#8220; _builder_version=&#8220;4.16&#8243; background_color=&#8220;#f1f7e6&#8243; custom_margin=&#8220;|||&#8220; custom_padding=&#8220;|||&#8220; bottom_divider_color=&#8220;rgba(0,0,0,0)&#8220; border_color_all=&#8220;rgba(0,0,0,0)&#8220; global_colors_info=&#8220;{}&#8220;][et_pb_fullwidth_header text_orientation=&#8220;center&#8220; image_orientation=&#8220;bottom&#8220; content_max_width_tablet=&#8220;&#8220; content_max_width_phone=&#8220;&#8220; content_max_width_last_edited=&#8220;on|desktop&#8220; _builder_version=&#8220;4.16&#8243; title_font=&#8220;Lora|700|||||||&#8220; title_text_color=&#8220;#f1f7e6&#8243; title_font_size=&#8220;53px&#8220; title_line_height=&#8220;2em&#8220; content_font=&#8220;Lora||||||||&#8220; content_font_size=&#8220;22px&#8220; content_line_height=&#8220;2em&#8220; subhead_font=&#8220;Lora|700|||||||&#8220; subhead_text_color=&#8220;#f1f7e6&#8243; subhead_font_size=&#8220;44px&#8220; subhead_line_height=&#8220;1.6em&#8220; background_color=&#8220;rgba(255,255,255,0)&#8220; background_image=&#8220;http:\/\/www.d\u00f6rpverein-mhg.de\/\/wp-content\/uploads\/2019\/05\/mh.jpg&#8220; parallax=&#8220;on&#8220; parallax_method=&#8220;on&#8220; custom_button_one=&#8220;on&#8220; button_one_text_size=&#8220;16px&#8220; button_one_text_color=&#8220;#ffffff&#8220; button_one_bg_color=&#8220;#d29f68&#8243; button_one_border_width=&#8220;15px&#8220; button_one_border_color=&#8220;rgba(210,159,104,0)&#8220; button_one_border_radius=&#8220;100px&#8220; button_one_letter_spacing=&#8220;3px&#8220; button_one_font=&#8220;Oswald|||on|||||&#8220; button_one_use_icon=&#8220;off&#8220; custom_button_two=&#8220;on&#8220; button_two_text_size=&#8220;16px&#8220; button_two_text_color=&#8220;#ffffff&#8220; button_two_bg_color=&#8220;rgba(255,255,255,0.35)&#8220; button_two_border_width=&#8220;15px&#8220; button_two_border_color=&#8220;rgba(0,0,0,0)&#8220; button_two_border_radius=&#8220;100px&#8220; button_two_letter_spacing=&#8220;3px&#8220; button_two_font=&#8220;Oswald|||on|||||&#8220; button_two_use_icon=&#8220;off&#8220; custom_margin=&#8220;|||&#8220; custom_padding=&#8220;225px||225px||true&#8220; animation_style=&#8220;fade&#8220; animation_duration=&#8220;2000ms&#8220; animation_speed_curve=&#8220;ease-out&#8220; subhead_font_size_tablet=&#8220;&#8220; subhead_font_size_phone=&#8220;50px&#8220; subhead_font_size_last_edited=&#8220;on|desktop&#8220; title_text_shadow_style=&#8220;preset5&#8243; title_text_shadow_color=&#8220;#000000&#8243; subhead_text_shadow_style=&#8220;preset5&#8243; border_color_all=&#8220;#ffffff&#8220; button_one_border_radius_hover=&#8220;100px&#8220; button_one_bg_color_hover=&#8220;#cc8d66&#8243; button_two_bg_color_hover=&#8220;#d29f68&#8243; global_colors_info=&#8220;{}&#8220; button_one_text_size__hover_enabled=&#8220;off&#8220; button_two_text_size__hover_enabled=&#8220;off&#8220; button_one_text_color__hover_enabled=&#8220;off&#8220; button_two_text_color__hover_enabled=&#8220;off&#8220; button_one_border_width__hover_enabled=&#8220;off&#8220; button_two_border_width__hover_enabled=&#8220;off&#8220; button_one_border_color__hover_enabled=&#8220;off&#8220; button_two_border_color__hover_enabled=&#8220;off&#8220; button_one_border_radius__hover_enabled=&#8220;on&#8220; button_one_border_radius__hover=&#8220;100px&#8220; button_two_border_radius__hover_enabled=&#8220;off&#8220; button_one_letter_spacing__hover_enabled=&#8220;off&#8220; button_two_letter_spacing__hover_enabled=&#8220;off&#8220; button_one_bg_color__hover_enabled=&#8220;on&#8220; button_one_bg_color__hover=&#8220;#cc8d66&#8243; button_two_bg_color__hover_enabled=&#8220;on&#8220; button_two_bg_color__hover=&#8220;#d29f68&#8243;][\/et_pb_fullwidth_header][\/et_pb_section][et_pb_section fb_built=&#8220;1&#8243; admin_label=&#8220;Free Consultation&#8220; _builder_version=&#8220;4.16&#8243; background_color=&#8220;#f1f7e6&#8243; custom_padding=&#8220;0px|0px||0px&#8220; global_colors_info=&#8220;{}&#8220;][et_pb_row _builder_version=&#8220;4.16&#8243; custom_padding=&#8220;|||&#8220; global_colors_info=&#8220;{}&#8220;][et_pb_column type=&#8220;4_4&#8243; _builder_version=&#8220;4.16&#8243; custom_padding=&#8220;|||&#8220; global_colors_info=&#8220;{}&#8220; custom_padding__hover=&#8220;|||&#8220;][et_pb_cta title=&#8220;Berichte Oldtimer-Sparte&#8220; button_url=&#8220;#&#8220; _builder_version=&#8220;4.16&#8243; header_font=&#8220;Lora|700||on|||||&#8220; header_text_color=&#8220;#375729&#8243; header_font_size=&#8220;48px&#8220; header_letter_spacing=&#8220;2px&#8220; header_line_height=&#8220;2em&#8220; body_font=&#8220;Lora|||||on|||&#8220; body_text_color=&#8220;#375729&#8243; body_font_size=&#8220;43px&#8220; body_line_height=&#8220;1.4em&#8220; background_color=&#8220;#ffffff&#8220; width=&#8220;100%&#8220; max_width=&#8220;100%&#8220; custom_margin=&#8220;-100px|0px||0px||&#8220; custom_padding=&#8220;3%||0px|&#8220; animation_style=&#8220;slide&#8220; header_font_size_tablet=&#8220;&#8220; header_font_size_phone=&#8220;36px&#8220; header_font_size_last_edited=&#8220;on|desktop&#8220; border_radii=&#8220;on|20px|20px|20px|20px&#8220; box_shadow_style=&#8220;preset3&#8243; box_shadow_vertical=&#8220;15px&#8220; box_shadow_blur=&#8220;80px&#8220; box_shadow_color=&#8220;rgba(0,0,0,0.2)&#8220; button_border_radius_hover=&#8220;1px&#8220; locked=&#8220;off&#8220; global_colors_info=&#8220;{}&#8220; button_text_size__hover_enabled=&#8220;off&#8220; button_one_text_size__hover_enabled=&#8220;off&#8220; button_two_text_size__hover_enabled=&#8220;off&#8220; button_text_color__hover_enabled=&#8220;off&#8220; button_one_text_color__hover_enabled=&#8220;off&#8220; button_two_text_color__hover_enabled=&#8220;off&#8220; button_border_width__hover_enabled=&#8220;off&#8220; button_one_border_width__hover_enabled=&#8220;off&#8220; button_two_border_width__hover_enabled=&#8220;off&#8220; button_border_color__hover_enabled=&#8220;off&#8220; button_one_border_color__hover_enabled=&#8220;off&#8220; button_two_border_color__hover_enabled=&#8220;off&#8220; button_border_radius__hover_enabled=&#8220;on&#8220; button_border_radius__hover=&#8220;1px&#8220; button_one_border_radius__hover_enabled=&#8220;off&#8220; button_two_border_radius__hover_enabled=&#8220;off&#8220; button_letter_spacing__hover_enabled=&#8220;off&#8220; button_one_letter_spacing__hover_enabled=&#8220;off&#8220; button_two_letter_spacing__hover_enabled=&#8220;off&#8220; button_bg_color__hover_enabled=&#8220;off&#8220; button_one_bg_color__hover_enabled=&#8220;off&#8220; button_two_bg_color__hover_enabled=&#8220;off&#8220; transform_styles__hover_enabled=&#8220;on&#8220; transform_scale__hover_enabled=&#8220;on&#8220; transform_translate__hover_enabled=&#8220;on&#8220; transform_rotate__hover_enabled=&#8220;on&#8220; transform_skew__hover_enabled=&#8220;on&#8220; transform_origin__hover_enabled=&#8220;on&#8220; transform_scale__hover=&#8220;108%|108%&#8220;][\/et_pb_cta][\/et_pb_column][\/et_pb_row][et_pb_row _builder_version=&#8220;4.21.0&#8243; _module_preset=&#8220;default&#8220; theme_builder_area=&#8220;post_content&#8220;][et_pb_column _builder_version=&#8220;4.21.0&#8243; _module_preset=&#8220;default&#8220; theme_builder_area=&#8220;post_content&#8220; type=&#8220;4_4&#8243;][et_pb_image src=&#8220;http:\/\/www.d\u00f6rpverein-mhg.de\/wp-content\/uploads\/2025\/03\/Spartenversammlung-Oldtimer-2025-scaled.jpg&#8220; _builder_version=&#8220;4.21.0&#8243; _module_preset=&#8220;default&#8220; theme_builder_area=&#8220;post_content&#8220; align=&#8220;center&#8220; animation_style=&#8220;fade&#8220; hover_enabled=&#8220;0&#8243; sticky_enabled=&#8220;0&#8243;][\/et_pb_image][\/et_pb_column][\/et_pb_row][\/et_pb_section][et_pb_section fb_built=&#8220;1&#8243; admin_label=&#8220;About Section&#8220; _builder_version=&#8220;4.16&#8243; background_color=&#8220;#f1f7e6&#8243; custom_padding=&#8220;0|0px|0|0px|true|false&#8220; global_colors_info=&#8220;{}&#8220;][et_pb_row _builder_version=&#8220;4.17.0&#8243; _module_preset=&#8220;default&#8220; global_colors_info=&#8220;{}&#8220;][et_pb_column type=&#8220;4_4&#8243; _builder_version=&#8220;4.17.0&#8243; _module_preset=&#8220;default&#8220; global_colors_info=&#8220;{}&#8220;][et_pb_text _builder_version=&#8220;4.16&#8243; text_font=&#8220;Lora||||||||&#8220; text_font_size=&#8220;18px&#8220; text_line_height=&#8220;1.8em&#8220; header_2_font=&#8220;Lora|700|||||||&#8220; header_2_font_size=&#8220;50px&#8220; header_2_line_height=&#8220;1.5em&#8220; header_5_font=&#8220;Oswald|||on|||||&#8220; header_5_text_color=&#8220;rgba(0,0,0,0.4)&#8220; header_5_font_size=&#8220;20px&#8220; header_5_letter_spacing=&#8220;3px&#8220; max_width_tablet=&#8220;&#8220; max_width_phone=&#8220;&#8220; max_width_last_edited=&#8220;on|phone&#8220; custom_margin_tablet=&#8220;|70px||70px&#8220; custom_margin_phone=&#8220;|50px||50px&#8220; custom_margin_last_edited=&#8220;off|desktop&#8220; custom_padding=&#8220;||69px|||&#8220; text_line_height_last_edited=&#8220;off|desktop&#8220; global_colors_info=&#8220;{}&#8220;]<\/p>\n<article class=\"jok_post\">\n<div class=\"jok_post_content_inner\">\n<div class=\"jok_article\">\n<div class=\"postcontent\">\n<div class=\"jok_post_inner_box\" style=\"box-sizing: border-box; caret-color: #333333; color: #333333; font-size: 14px;\">\n<h1 class=\"jok_post_title\" style=\"box-sizing: border-box; line-height: 1.1; text-align: justify;\"><a href=\"http:\/\/www.xn--drpverein-mhg-imb.de\/oldtimersparte\/berichte-oldtimersparte\/66-oldtimer-sparte-zu-besuch-auf-dem-hof-horrmann-in-loccum\" style=\"box-sizing: border-box;\">Spartenversammlung am 20. M\u00e4rz 2025<\/a><\/h1>\n<\/div>\n<div class=\"jok_article\" style=\"box-sizing: border-box;\">\n<div class=\"postcontent\" style=\"box-sizing: border-box; margin-top: 0px; margin-bottom: 0px; padding-top: 5px; padding-bottom: 10px; border-top-left-radius: 0px; border-top-right-radius: 0px; border-bottom-right-radius: 0px; border-bottom-left-radius: 0px; border: 0px solid #000000;\">\n<p style=\"text-align: justify;\"><span>Am 20. M\u00e4rz 2025 versammelten sich 29 Mitglieder des D\u00f6rpvereins M\u00fcnchehagen im Gasthaus Deutsche Eiche, um \u00fcber die anstehenden Aktivit\u00e4ten zu diskutieren. P\u00fcnktlich um 19:30 Uhr er\u00f6ffnete Daniel Lindenberg die Sitzung und begr\u00fc\u00dfte alle Anwesenden herzlich.<\/span><\/p>\n<p style=\"text-align: justify;\"><span>Ein zentraler Punkt der Versammlung war die Vorstellung der geplanten Termine f\u00fcr das Jahr 2025. Lindenberg informierte die Mitglieder \u00fcber eine Vielzahl von Veranstaltungen, die das Vereinsleben bereichern werden. Die M\u00fcllsammelaktion am 12. April bildet den Auftakt, gefolgt vom Angrillen am D\u00f6rphus am 27. April, bei dem auch eine Ausfahrt mit Planwagen geplant ist. Am 11. Mai sind die Mitglieder zu einem Oldtimergottesdienst nach Brokeloh eingeladen, mit einer Abfahrt um 09:00 Uhr. Ein weiteres wichtiges Treffen findet am 4. Mai an der schwarzen Br\u00fccke statt, wo die Vorbereitungen f\u00fcr das Erntefest und den Bau der Erntewagen besprochen werden. Das Erntefest selbst wird am 30. August in M\u00fcnchehagen gefeiert, wobei es keine Fu\u00dfgruppen geben wird, jedoch eine Pause w\u00e4hrend der Strecke eingeplant ist. Festwirt Guido Rode wird f\u00fcr das leibliche Wohl sorgen, w\u00e4hrend die Dorfkapelle Wiedensahl f\u00fcr die musikalische Unterhaltung sorgt. Weitere Informationen zu den Terminen werden rechtzeitig im Schaukasten ver\u00f6ffentlicht.<\/span><\/p>\n<p style=\"text-align: justify;\"><span>Ein weiterer wichtiger Tagesordnungspunkt war die Wahl des Spartenleiters. Lindenberg stellte sich erneut zur Wahl und wurde von der Versammlung einstimmig f\u00fcr eine weitere Amtszeit gew\u00e4hlt. Christoph Kanne, der als stellvertretender Spartenleiter nicht mehr zur Verf\u00fcgung steht, wurde von der Versammlung gew\u00fcrdigt. Hendrik Wesemann wird nun die Position des stellvertretenden Spartenleiters \u00fcbernehmen.<\/span><\/p>\n<p style=\"text-align: justify;\"><span>Lindenberg ermutigte die Mitglieder zur aktiven Teilnahme an der Jahreshauptversammlung, die am kommenden Freitag, den 28. M\u00e4rz, stattfinden wird. <br \/><\/span><\/p>\n<p style=\"text-align: justify;\"><span>Ein weiteres Highlight der Versammlung war die Diskussion \u00fcber das Oldtimertreffen, das in diesem Jahr unter dem Thema \u201eorganische D\u00fcngetechnik\u201c steht. Mitglieder, die landwirtschaftliche Ger\u00e4te wie Miststreuer zur Verf\u00fcgung stellen k\u00f6nnen, wurden eingeladen, diese mitzubringen. Torsten Hormann wird aktuelle Landmaschinen ausstellen, und die traditionelle Dreschmaschine wird ebenfalls wieder ihren Platz beim Oldtimertreffen haben. F\u00fcr das Fr\u00fchst\u00fcck wird erneut mit den Feuerwehrfrauen zusammengearbeitet, und es sind verschiedene Attraktionen wie Kinderreiten, eine Strohburg und eine Feuerwehrausstellung geplant. Ein n\u00e4chster Planungstermin f\u00fcr das Oldtimertreffen ist bereits f\u00fcr den 10. April angesetzt.<\/span><\/p>\n<\/div>\n<\/div>\n<\/div>\n<\/div>\n<\/div>\n<\/article>\n<p><span style=\"font-size: 18px;\"><\/span><\/p>\n<p>[\/et_pb_text][\/et_pb_column][\/et_pb_row][et_pb_row _builder_version=&#8220;4.17.0&#8243; _module_preset=&#8220;default&#8220; global_colors_info=&#8220;{}&#8220;][et_pb_column type=&#8220;4_4&#8243; _builder_version=&#8220;4.17.0&#8243; _module_preset=&#8220;default&#8220; global_colors_info=&#8220;{}&#8220;][et_pb_text _builder_version=&#8220;4.16&#8243; text_font=&#8220;Lora||||||||&#8220; text_font_size=&#8220;18px&#8220; text_line_height=&#8220;1.8em&#8220; header_2_font=&#8220;Lora|700|||||||&#8220; header_2_font_size=&#8220;50px&#8220; header_2_line_height=&#8220;1.5em&#8220; header_5_font=&#8220;Oswald|||on|||||&#8220; header_5_text_color=&#8220;rgba(0,0,0,0.4)&#8220; header_5_font_size=&#8220;20px&#8220; header_5_letter_spacing=&#8220;3px&#8220; max_width_tablet=&#8220;&#8220; max_width_phone=&#8220;&#8220; max_width_last_edited=&#8220;on|phone&#8220; custom_margin_tablet=&#8220;|70px||70px&#8220; custom_margin_phone=&#8220;|50px||50px&#8220; custom_margin_last_edited=&#8220;off|desktop&#8220; custom_padding=&#8220;||69px|||&#8220; text_line_height_last_edited=&#8220;off|desktop&#8220; global_colors_info=&#8220;{}&#8220;]<\/p>\n<article class=\"jok_post\">\n<div class=\"jok_post_content_inner\">\n<div class=\"jok_article\">\n<div class=\"postcontent\">\n<div class=\"jok_post_inner_box\" style=\"box-sizing: border-box; caret-color: #333333; color: #333333; font-size: 14px;\">\n<h1 class=\"jok_post_title\" style=\"box-sizing: border-box; line-height: 1.1;\"><a href=\"http:\/\/www.xn--drpverein-mhg-imb.de\/oldtimersparte\/berichte-oldtimersparte\/66-oldtimer-sparte-zu-besuch-auf-dem-hof-horrmann-in-loccum\" style=\"box-sizing: border-box;\">Oldtimerpf\u00fcgen mit dem D\u00f6rpverein M\u00fcnchehagen<\/a><\/h1>\n<\/div>\n<div class=\"jok_article\" style=\"box-sizing: border-box;\">\n<div class=\"postcontent\" style=\"box-sizing: border-box; margin-top: 0px; margin-bottom: 0px; padding-top: 5px; padding-bottom: 10px; border-top-left-radius: 0px; border-top-right-radius: 0px; border-bottom-right-radius: 0px; border-bottom-left-radius: 0px; border: 0px solid #000000;\">\n<p>Alle zwei Jahre ist es soweit. Spartenleiter Daniel Lindenberg l\u00e4dt wieder zum Oldtimer-Pfl\u00fcgen auf den L\u00e4ndereien von Torsten Hormann ein. Am Sonntag, den 18. September um 10.30 Uhr sind alle Interessierten zum Festplatz in M\u00fcnchehagen eingeladen, ehe es dann gemeinsam im Konvoi zu den beackernden Fl\u00e4chen geht. Die Teilnahme ist kostenlos. Die Fahrer und Besucher erwarten Bratwurst und kalte Getr\u00e4nke, sowie einen bunten Nachmittag mit Kaffee und Kuchen in entspannter Atmosph\u00e4re.<\/p>\n<\/div>\n<\/div>\n<\/div>\n<\/div>\n<\/div>\n<\/article>\n<p><span style=\"font-size: 18px;\"><\/span><\/p>\n<p>[\/et_pb_text][\/et_pb_column][\/et_pb_row][et_pb_row _builder_version=&#8220;4.18.0&#8243; _module_preset=&#8220;default&#8220; global_colors_info=&#8220;{}&#8220;][et_pb_column type=&#8220;4_4&#8243; _builder_version=&#8220;4.18.0&#8243; _module_preset=&#8220;default&#8220; global_colors_info=&#8220;{}&#8220;][et_pb_image src=&#8220;http:\/\/www.d\u00f6rpverein-mhg.de\/wp-content\/uploads\/2022\/08\/Oldtimer-Pfluegen-2022-Flyer-1.jpg&#8220; _builder_version=&#8220;4.18.0&#8243; _module_preset=&#8220;default&#8220; global_colors_info=&#8220;{}&#8220;][\/et_pb_image][et_pb_text _builder_version=&#8220;4.16&#8243; text_font=&#8220;Lora||||||||&#8220; text_font_size=&#8220;26px&#8220; text_line_height=&#8220;1.8em&#8220; header_font=&#8220;||||||||&#8220; header_text_align=&#8220;left&#8220; header_2_font=&#8220;Lora|700|||||||&#8220; header_2_font_size=&#8220;50px&#8220; header_2_line_height=&#8220;1.5em&#8220; header_3_font=&#8220;Lora|700|||||||&#8220; header_3_font_size=&#8220;42px&#8220; header_3_line_height=&#8220;1.5em&#8220; header_5_font=&#8220;Oswald|||on|||||&#8220; header_5_text_color=&#8220;rgba(0,0,0,0.4)&#8220; header_5_font_size=&#8220;20px&#8220; header_5_letter_spacing=&#8220;3px&#8220; max_width_tablet=&#8220;&#8220; max_width_phone=&#8220;&#8220; max_width_last_edited=&#8220;on|desktop&#8220; custom_margin_tablet=&#8220;|70px||70px&#8220; custom_margin_phone=&#8220;|50px||50px&#8220; custom_margin_last_edited=&#8220;off|desktop&#8220; custom_padding=&#8220;0px|||||&#8220; text_line_height_last_edited=&#8220;off|desktop&#8220; global_colors_info=&#8220;{}&#8220;]<\/p>\n<p><strong>Hier finden Sie die aktuellen Berichte der Oldtimer-Sparte um Spartenleiter Daniel Lindenberg<br \/><\/strong><\/p>\n<p>[\/et_pb_text][\/et_pb_column][\/et_pb_row][et_pb_row admin_label=&#8220;About Row&#8220; _builder_version=&#8220;4.16&#8243; animation_style=&#8220;fade&#8220; use_custom_width=&#8220;on&#8220; global_colors_info=&#8220;{}&#8220;][et_pb_column type=&#8220;4_4&#8243; _builder_version=&#8220;4.16&#8243; custom_padding=&#8220;|||&#8220; global_colors_info=&#8220;{}&#8220; custom_padding__hover=&#8220;|||&#8220;][et_pb_text _builder_version=&#8220;4.16&#8243; text_font=&#8220;Lora||||||||&#8220; text_font_size=&#8220;18px&#8220; text_line_height=&#8220;1.8em&#8220; header_2_font=&#8220;Lora|700|||||||&#8220; header_2_font_size=&#8220;50px&#8220; header_2_line_height=&#8220;1.5em&#8220; header_5_font=&#8220;Oswald|||on|||||&#8220; header_5_text_color=&#8220;rgba(0,0,0,0.4)&#8220; header_5_font_size=&#8220;20px&#8220; header_5_letter_spacing=&#8220;3px&#8220; max_width_tablet=&#8220;&#8220; max_width_phone=&#8220;&#8220; max_width_last_edited=&#8220;on|phone&#8220; custom_margin_tablet=&#8220;|70px||70px&#8220; custom_margin_phone=&#8220;|50px||50px&#8220; custom_margin_last_edited=&#8220;off|desktop&#8220; custom_padding=&#8220;||69px|||&#8220; text_line_height_last_edited=&#8220;off|desktop&#8220; global_colors_info=&#8220;{}&#8220;]<\/p>\n<article class=\"jok_post\">\n<div class=\"jok_post_content_inner\">\n<div class=\"jok_article\">\n<div class=\"postcontent\">\n<div class=\"jok_post_inner_box\" style=\"box-sizing: border-box; caret-color: #333333; color: #333333; font-size: 14px;\">\n<h1 class=\"jok_post_title\" style=\"box-sizing: border-box; line-height: 1.1;\">Oldtimerpfl\u00fcgen bei Optimalen Voraussetzungen<\/h1>\n<\/div>\n<div class=\"jok_article\" style=\"box-sizing: border-box;\">\n<div class=\"postcontent\" style=\"box-sizing: border-box; margin-top: 0px; margin-bottom: 0px; padding-top: 5px; padding-bottom: 10px; border-top-left-radius: 0px; border-top-right-radius: 0px; border-bottom-right-radius: 0px; border-bottom-left-radius: 0px; border: 0px solid #000000;\">\n<p>Auf Einladung des Spartenleiters Daniel Lindenberg und seines Stellvertreters Christoph Kanne hatten sich am 20 September 26 Oldtimer-Treckerfahrer der Oldtimer-Sparte des D\u00f6rpverein M\u00fcnchehagens versammelt. Nach der Begr\u00fc\u00dfung der Teilnehmer startete der Wettbewerb am fr\u00fchen Nachmittag. Bei strahlenden Sonnenschein und kostenloser Verpflegung wurde Hektar f\u00fcr Hektar umgegraben. Oldtimer und moderne Traktoren zogen die Pfl\u00fcge Furche um Furche durch den Ackerboden der Felder zwischen Loccum und M\u00fcnchehagen, die Landwirt Torsten Hormann zur Verf\u00fcgung gestellt hatte<\/p>\n<p>Das Pfl\u00fcgen war f\u00fcr die Oldtimer normaler Alltag als sie noch jung waren. Eine saubere Pflugfurche war damals wie heute f\u00fcr die Bodenfruchtbarkeit von allergr\u00f6\u00dfter Bedeutung. Ihre Ausf\u00fchrung mit den damaligen Ger\u00e4ten aber war eine echte Kunst, vergleichbar mit der Geschicklichkeit eines begabten Handwerkers und geh\u00f6rte darum selbstverst\u00e4ndlich zur Ausbildung im\u00a0landwirtschaftlichen\u00a0Beruf. Umso erstaunlicher war es zu sehen, wie erfahrene Oldtimer-Fahrer ganz ohne hochtechnische und Satellitengesteuerte Landmaschinen in der Lage waren, eine akkurate Furche zu pfl\u00fcgen.<\/p>\n<p>Wegen des traumhaften Wetters und den sommerlichen Temperaturen kamen viele Besucher und Treckerfreunde auch aus den umliegenden Ortschaften. Spartenleiter Lindenberg zog ein positives Fazit zu dieser Veranstaltung. Die Bedingungen waren dieses Mal f\u00fcr die Organisatoren und allen Teilnehmern perfekt.<\/p>\n<p>\u00a021.09.2020<\/p>\n<\/div>\n<\/div>\n<\/div>\n<\/div>\n<\/div>\n<\/article>\n<p><span style=\"font-size: 18px;\"><\/span><\/p>\n<p>[\/et_pb_text][et_pb_video src=&#8220;http:\/\/www.d\u00f6rpverein-mhg.de\/\/wp-content\/uploads\/2020\/09\/Pfl\u00fcgen-2020-Mobil.mp4&#8243; _builder_version=&#8220;4.16&#8243; global_colors_info=&#8220;{}&#8220;][\/et_pb_video][et_pb_image src=&#8220;http:\/\/www.d\u00f6rpverein-mhg.de\/\/wp-content\/uploads\/2020\/09\/Flyer-Pfl\u00fcgen-2020.jpg&#8220; _builder_version=&#8220;4.16&#8243; global_colors_info=&#8220;{}&#8220;][\/et_pb_image][et_pb_text _builder_version=&#8220;4.16&#8243; text_font=&#8220;Lora||||||||&#8220; text_font_size=&#8220;18px&#8220; text_line_height=&#8220;1.8em&#8220; header_2_font=&#8220;Lora|700|||||||&#8220; header_2_font_size=&#8220;50px&#8220; header_2_line_height=&#8220;1.5em&#8220; header_5_font=&#8220;Oswald|||on|||||&#8220; header_5_text_color=&#8220;rgba(0,0,0,0.4)&#8220; header_5_font_size=&#8220;20px&#8220; header_5_letter_spacing=&#8220;3px&#8220; max_width_tablet=&#8220;&#8220; max_width_phone=&#8220;&#8220; max_width_last_edited=&#8220;on|phone&#8220; custom_margin_tablet=&#8220;|70px||70px&#8220; custom_margin_phone=&#8220;|50px||50px&#8220; custom_margin_last_edited=&#8220;off|desktop&#8220; custom_padding=&#8220;||69px|||&#8220; text_line_height_last_edited=&#8220;off|desktop&#8220; global_colors_info=&#8220;{}&#8220;]<\/p>\n<article class=\"jok_post\">\n<div class=\"jok_post_content_inner\">\n<div class=\"jok_article\">\n<div class=\"postcontent\">\n<div class=\"jok_post_inner_box\" style=\"box-sizing: border-box; caret-color: #333333; color: #333333; font-size: 14px;\">\n<h1 class=\"jok_post_title\" style=\"box-sizing: border-box; line-height: 1.1;\"><a href=\"http:\/\/www.xn--drpverein-mhg-imb.de\/oldtimersparte\/berichte-oldtimersparte\/66-oldtimer-sparte-zu-besuch-auf-dem-hof-horrmann-in-loccum\" style=\"box-sizing: border-box;\">Oldtimer-Sparte zu Besuch auf dem Hof Horrmann in Loccum<\/a><\/h1>\n<\/div>\n<div class=\"jok_article\" style=\"box-sizing: border-box;\">\n<div class=\"postcontent\" style=\"box-sizing: border-box; margin-top: 0px; margin-bottom: 0px; padding-top: 5px; padding-bottom: 10px; border-top-left-radius: 0px; border-top-right-radius: 0px; border-bottom-right-radius: 0px; border-bottom-left-radius: 0px; border: 0px solid #000000;\">\n<p style=\"box-sizing: border-box;\">Zu einem spontanen Besuch des Hofes Hormann hatten die Spartenleiter Christoph Kanne und Daniel Lindenberg die Oldtimer-Sparte des M\u00f6nkeh\u00e4ger D\u00f6rpvereins eingeladen. Diesem Aufruf folgten 35 interessierte Mitglieder. Torsten Hormann selbst freute sich \u00fcber die unerwartet hohe Zahl an Besuchern auf seinem Hof und pr\u00e4sentierte stolz sein Anwesen zwischen Loccum und Wiedensahl. Der Hof wird bereits in der 3. Generation betrieben und ist ab dem Sommer 2019 Ausbildungsbetrieb f\u00fcr Landwirte. Die Tierhaltung und der Ackerbau sollen k\u00fcnftig ausgebaut werden. Eng wurde es auf dem Gel\u00e4nde jedoch nicht, als die 22 Schlepper auf dem Hof abgestellt wurden. Lindenberg hofft weiterhin auf eine gute Zusammenarbeit. Bereits im vergangen Jahr fand das Oldtimer-Pfl\u00fcgen auf den L\u00e4ndereien von Hormann statt. Nachfolgende Veranstaltungen dieser Art sind f\u00fcr 2020 geplant. Aktuell sei man mittendrin in der Planung f\u00fcr das Erntefest und Treckertreffen, dass am 31.08. und 01.09. auf dem Festplatz in M\u00fcnchehagen stattfinden wird.<\/p>\n<p style=\"box-sizing: border-box;\">\u00a0M\u00fcnchehagen, den 15.07.2019<\/p>\n<\/div>\n<\/div>\n<\/div>\n<\/div>\n<\/div>\n<\/article>\n<p><span style=\"font-size: 18px;\"><\/span><\/p>\n<p>[\/et_pb_text][\/et_pb_column][\/et_pb_row][\/et_pb_section]<\/p>\n","protected":false},"excerpt":{"rendered":"<p>Spartenversammlung am 20. M\u00e4rz 2025 Am 20. M\u00e4rz 2025 versammelten sich 29 Mitglieder des D\u00f6rpvereins M\u00fcnchehagen im Gasthaus Deutsche Eiche, um \u00fcber die anstehenden Aktivit\u00e4ten zu diskutieren. P\u00fcnktlich um 19:30 Uhr er\u00f6ffnete Daniel Lindenberg die Sitzung und begr\u00fc\u00dfte alle Anwesenden herzlich. Ein zentraler Punkt der Versammlung war die Vorstellung der geplanten Termine f\u00fcr das Jahr [&hellip;]<\/p>\n","protected":false},"author":1,"featured_media":0,"parent":0,"menu_order":0,"comment_status":"closed","ping_status":"closed","template":"","meta":{"_et_pb_use_builder":"on","_et_pb_old_content":"","_et_gb_content_width":"","footnotes":""},"class_list":["post-559","page","type-page","status-publish","hentry"],"_links":{"self":[{"href":"http:\/\/www.d\u00f6rpverein-mhg.de\/index.php?rest_route=\/wp\/v2\/pages\/559","targetHints":{"allow":["GET"]}}],"collection":[{"href":"http:\/\/www.d\u00f6rpverein-mhg.de\/index.php?rest_route=\/wp\/v2\/pages"}],"about":[{"href":"http:\/\/www.d\u00f6rpverein-mhg.de\/index.php?rest_route=\/wp\/v2\/types\/page"}],"author":[{"embeddable":true,"href":"http:\/\/www.d\u00f6rpverein-mhg.de\/index.php?rest_route=\/wp\/v2\/users\/1"}],"replies":[{"embeddable":true,"href":"http:\/\/www.d\u00f6rpverein-mhg.de\/index.php?rest_route=%2Fwp%2Fv2%2Fcomments&post=559"}],"version-history":[{"count":23,"href":"http:\/\/www.d\u00f6rpverein-mhg.de\/index.php?rest_route=\/wp\/v2\/pages\/559\/revisions"}],"predecessor-version":[{"id":1997,"href":"http:\/\/www.d\u00f6rpverein-mhg.de\/index.php?rest_route=\/wp\/v2\/pages\/559\/revisions\/1997"}],"wp:attachment":[{"href":"http:\/\/www.d\u00f6rpverein-mhg.de\/index.php?rest_route=%2Fwp%2Fv2%2Fmedia&parent=559"}],"curies":[{"name":"wp","href":"https:\/\/api.w.org\/{rel}","templated":true}]}}