{"id":607,"date":"2020-05-06T17:08:18","date_gmt":"2020-05-06T15:08:18","guid":{"rendered":"http:\/\/www.d\u00f6rpverein-mhg.de\/wp\/?page_id=607"},"modified":"2020-12-26T10:43:21","modified_gmt":"2020-12-26T09:43:21","slug":"opa-stuermt-das-internet","status":"publish","type":"page","link":"http:\/\/www.d\u00f6rpverein-mhg.de\/?page_id=607","title":{"rendered":"Opa st\u00fcrmt das Internet"},"content":{"rendered":"<p>[et_pb_section fb_built=&#8220;1&#8243; fullwidth=&#8220;on&#8220; admin_label=&#8220;Header Section&#8220; _builder_version=&#8220;3.22.4&#8243; background_color=&#8220;#f1f7e6&#8243; custom_margin=&#8220;|||&#8220; custom_padding=&#8220;|||&#8220; bottom_divider_color=&#8220;rgba(0,0,0,0)&#8220; border_color_all=&#8220;rgba(0,0,0,0)&#8220;][et_pb_fullwidth_header text_orientation=&#8220;center&#8220; image_orientation=&#8220;bottom&#8220; content_max_width_tablet=&#8220;&#8220; content_max_width_phone=&#8220;&#8220; content_max_width_last_edited=&#8220;on|desktop&#8220; _builder_version=&#8220;3.16&#8243; title_font=&#8220;Lora|700|||||||&#8220; title_text_color=&#8220;#f1f7e6&#8243; title_font_size=&#8220;53px&#8220; title_line_height=&#8220;2em&#8220; content_font=&#8220;Lora||||||||&#8220; content_font_size=&#8220;22px&#8220; content_line_height=&#8220;2em&#8220; subhead_font=&#8220;Lora|700|||||||&#8220; subhead_text_color=&#8220;#f1f7e6&#8243; subhead_font_size=&#8220;44px&#8220; subhead_line_height=&#8220;1.6em&#8220; background_color=&#8220;rgba(255,255,255,0)&#8220; background_image=&#8220;http:\/\/www.d\u00f6rpverein-mhg.de\/\/wp-content\/uploads\/2019\/05\/mh.jpg&#8220; parallax=&#8220;on&#8220; parallax_method=&#8220;on&#8220; custom_button_one=&#8220;on&#8220; button_one_text_size=&#8220;16px&#8220; button_one_text_color=&#8220;#ffffff&#8220; button_one_bg_color=&#8220;#d29f68&#8243; button_one_border_width=&#8220;15px&#8220; button_one_border_color=&#8220;rgba(210,159,104,0)&#8220; button_one_border_radius=&#8220;100px&#8220; button_one_letter_spacing=&#8220;3px&#8220; button_one_font=&#8220;Oswald|||on|||||&#8220; button_one_use_icon=&#8220;off&#8220; custom_button_two=&#8220;on&#8220; button_two_text_size=&#8220;16px&#8220; button_two_text_color=&#8220;#ffffff&#8220; button_two_bg_color=&#8220;rgba(255,255,255,0.35)&#8220; button_two_border_width=&#8220;15px&#8220; button_two_border_color=&#8220;rgba(0,0,0,0)&#8220; button_two_border_radius=&#8220;100px&#8220; button_two_letter_spacing=&#8220;3px&#8220; button_two_font=&#8220;Oswald|||on|||||&#8220; button_two_use_icon=&#8220;off&#8220; custom_margin=&#8220;|||&#8220; custom_padding=&#8220;225px||225px||true&#8220; animation_style=&#8220;fade&#8220; animation_duration=&#8220;2000ms&#8220; animation_speed_curve=&#8220;ease-out&#8220; subhead_font_size_tablet=&#8220;&#8220; subhead_font_size_phone=&#8220;50px&#8220; subhead_font_size_last_edited=&#8220;on|desktop&#8220; title_text_shadow_style=&#8220;preset5&#8243; title_text_shadow_color=&#8220;#000000&#8243; subhead_text_shadow_style=&#8220;preset5&#8243; border_color_all=&#8220;#ffffff&#8220; button_one_border_radius_hover=&#8220;100px&#8220; button_one_bg_color_hover=&#8220;#cc8d66&#8243; button_two_bg_color_hover=&#8220;#d29f68&#8243; button_one_text_size__hover_enabled=&#8220;off&#8220; button_two_text_size__hover_enabled=&#8220;off&#8220; button_one_text_color__hover_enabled=&#8220;off&#8220; button_two_text_color__hover_enabled=&#8220;off&#8220; button_one_border_width__hover_enabled=&#8220;off&#8220; button_two_border_width__hover_enabled=&#8220;off&#8220; button_one_border_color__hover_enabled=&#8220;off&#8220; button_two_border_color__hover_enabled=&#8220;off&#8220; button_one_border_radius__hover_enabled=&#8220;on&#8220; button_one_border_radius__hover=&#8220;100px&#8220; button_two_border_radius__hover_enabled=&#8220;off&#8220; button_one_letter_spacing__hover_enabled=&#8220;off&#8220; button_two_letter_spacing__hover_enabled=&#8220;off&#8220; button_one_bg_color__hover_enabled=&#8220;on&#8220; button_one_bg_color__hover=&#8220;#cc8d66&#8243; button_two_bg_color__hover_enabled=&#8220;on&#8220; button_two_bg_color__hover=&#8220;#d29f68&#8243;][\/et_pb_fullwidth_header][\/et_pb_section][et_pb_section fb_built=&#8220;1&#8243; admin_label=&#8220;Free Consultation&#8220; _builder_version=&#8220;3.22.3&#8243; background_color=&#8220;#f1f7e6&#8243; custom_padding=&#8220;0px|0px||0px&#8220;][et_pb_row _builder_version=&#8220;3.25&#8243; custom_padding=&#8220;|||&#8220;][et_pb_column type=&#8220;4_4&#8243; _builder_version=&#8220;3.25&#8243; custom_padding=&#8220;|||&#8220; custom_padding__hover=&#8220;|||&#8220;][et_pb_cta title=&#8220;opa st\u00fcrmt das internet&#8220; button_url=&#8220;#&#8220; _builder_version=&#8220;3.22.4&#8243; header_font=&#8220;Lora|700||on|||||&#8220; header_text_color=&#8220;#375729&#8243; header_font_size=&#8220;48px&#8220; header_letter_spacing=&#8220;2px&#8220; header_line_height=&#8220;2em&#8220; body_font=&#8220;Lora|||||on|||&#8220; body_text_color=&#8220;#375729&#8243; body_font_size=&#8220;43px&#8220; body_line_height=&#8220;1.4em&#8220; background_color=&#8220;#ffffff&#8220; width=&#8220;100%&#8220; max_width=&#8220;100%&#8220; custom_margin=&#8220;-100px|0px||0px||&#8220; custom_padding=&#8220;3%||0px|&#8220; animation_style=&#8220;slide&#8220; header_font_size_tablet=&#8220;&#8220; header_font_size_phone=&#8220;36px&#8220; header_font_size_last_edited=&#8220;on|desktop&#8220; border_radii=&#8220;on|20px|20px|20px|20px&#8220; box_shadow_style=&#8220;preset3&#8243; box_shadow_vertical=&#8220;15px&#8220; box_shadow_blur=&#8220;80px&#8220; box_shadow_color=&#8220;rgba(0,0,0,0.2)&#8220; button_border_radius_hover=&#8220;1px&#8220; locked=&#8220;off&#8220; button_text_size__hover_enabled=&#8220;off&#8220; button_one_text_size__hover_enabled=&#8220;off&#8220; button_two_text_size__hover_enabled=&#8220;off&#8220; button_text_color__hover_enabled=&#8220;off&#8220; button_one_text_color__hover_enabled=&#8220;off&#8220; button_two_text_color__hover_enabled=&#8220;off&#8220; button_border_width__hover_enabled=&#8220;off&#8220; button_one_border_width__hover_enabled=&#8220;off&#8220; button_two_border_width__hover_enabled=&#8220;off&#8220; button_border_color__hover_enabled=&#8220;off&#8220; button_one_border_color__hover_enabled=&#8220;off&#8220; button_two_border_color__hover_enabled=&#8220;off&#8220; button_border_radius__hover_enabled=&#8220;on&#8220; button_border_radius__hover=&#8220;1px&#8220; button_one_border_radius__hover_enabled=&#8220;off&#8220; button_two_border_radius__hover_enabled=&#8220;off&#8220; button_letter_spacing__hover_enabled=&#8220;off&#8220; button_one_letter_spacing__hover_enabled=&#8220;off&#8220; button_two_letter_spacing__hover_enabled=&#8220;off&#8220; button_bg_color__hover_enabled=&#8220;off&#8220; button_one_bg_color__hover_enabled=&#8220;off&#8220; button_two_bg_color__hover_enabled=&#8220;off&#8220; transform_styles__hover_enabled=&#8220;on&#8220; transform_scale__hover_enabled=&#8220;on&#8220; transform_translate__hover_enabled=&#8220;on&#8220; transform_rotate__hover_enabled=&#8220;on&#8220; transform_skew__hover_enabled=&#8220;on&#8220; transform_origin__hover_enabled=&#8220;on&#8220; transform_scale__hover=&#8220;108%|108%&#8220;][\/et_pb_cta][\/et_pb_column][\/et_pb_row][\/et_pb_section][et_pb_section fb_built=&#8220;1&#8243; admin_label=&#8220;About Section&#8220; _builder_version=&#8220;3.22.3&#8243; background_color=&#8220;#f1f7e6&#8243; custom_padding=&#8220;0|0px|0|0px|true|false&#8220;][et_pb_row admin_label=&#8220;About Row&#8220; _builder_version=&#8220;3.25&#8243; animation_style=&#8220;fade&#8220; use_custom_width=&#8220;on&#8220;][et_pb_column type=&#8220;4_4&#8243; _builder_version=&#8220;3.25&#8243; custom_padding=&#8220;|||&#8220; custom_padding__hover=&#8220;|||&#8220;][et_pb_text _builder_version=&#8220;3.27.4&#8243; text_font=&#8220;Lora||||||||&#8220; text_font_size=&#8220;26px&#8220; text_line_height=&#8220;1.8em&#8220; header_font=&#8220;||||||||&#8220; header_text_align=&#8220;left&#8220; header_2_font=&#8220;Lora|700|||||||&#8220; header_2_font_size=&#8220;50px&#8220; header_2_line_height=&#8220;1.5em&#8220; header_3_font=&#8220;Lora|700|||||||&#8220; header_3_font_size=&#8220;42px&#8220; header_3_line_height=&#8220;1.5em&#8220; header_5_font=&#8220;Oswald|||on|||||&#8220; header_5_text_color=&#8220;rgba(0,0,0,0.4)&#8220; header_5_font_size=&#8220;20px&#8220; header_5_letter_spacing=&#8220;3px&#8220; max_width_tablet=&#8220;&#8220; max_width_phone=&#8220;&#8220; max_width_last_edited=&#8220;on|desktop&#8220; custom_margin_tablet=&#8220;|70px||70px&#8220; custom_margin_phone=&#8220;|50px||50px&#8220; custom_margin_last_edited=&#8220;off|desktop&#8220; animation_style=&#8220;fade&#8220; text_line_height_last_edited=&#8220;off|desktop&#8220;]<\/p>\n<h5>2019<\/h5>\n<p><strong>Opa st\u00fcrmt das Internet<br \/> <\/strong><\/p>\n<p>[\/et_pb_text][et_pb_image src=&#8220;http:\/\/www.d\u00f6rpverein-mhg.de\/\/wp-content\/uploads\/2020\/05\/Opa-st\u00fcrmt-das-Internet.jpeg&#8220; _builder_version=&#8220;3.23.2&#8243; max_width=&#8220;61%&#8220; animation_style=&#8220;fade&#8220; hover_transition_duration=&#8220;2000ms&#8220;][\/et_pb_image][et_pb_text _builder_version=&#8220;3.27.4&#8243; text_font=&#8220;Lora||||||||&#8220; text_font_size=&#8220;18px&#8220; text_line_height=&#8220;1.8em&#8220; header_2_font=&#8220;Lora|700|||||||&#8220; header_2_font_size=&#8220;50px&#8220; header_2_line_height=&#8220;1.5em&#8220; header_5_font=&#8220;Oswald|||on|||||&#8220; header_5_text_color=&#8220;rgba(0,0,0,0.4)&#8220; header_5_font_size=&#8220;20px&#8220; header_5_letter_spacing=&#8220;3px&#8220; max_width_tablet=&#8220;&#8220; max_width_phone=&#8220;&#8220; max_width_last_edited=&#8220;on|phone&#8220; custom_margin_tablet=&#8220;|70px||70px&#8220; custom_margin_phone=&#8220;|50px||50px&#8220; custom_margin_last_edited=&#8220;off|desktop&#8220; text_line_height_last_edited=&#8220;off|desktop&#8220;]<\/p>\n<p><strong>Wenn Opa das Internet st\u00fcrmt <\/strong><\/p>\n<p><strong>Auff\u00fchrungen des Schwanks \u201eOpa st\u00fcrmt das Internet\u201c der Theatergruppe des D\u00f6rpvereins M\u00fcnchehagen versprechen gute Unterhaltung<\/strong><br \/> Endlich wird in M\u00fcnchehagen wieder Theater gespielt. Seit der letzten Theaterauff\u00fchrung ist einige Zeit vergangen. Daf\u00fcr wird dem Publikum aber nun ein abendf\u00fcllendes Theaterst\u00fcck in drei Akten pr\u00e4sentiert, das einen vergn\u00fcglichen Abend verspricht.<\/p>\n<p>Zum Inhalt:<br \/> Opa Theo (gespielt von Michaela Krinke) sitzt am liebsten gem\u00fctlich auf seinem Sofa und sieht fern. Das gef\u00e4llt seiner Familie nicht. Er soll etwas Neues, etwas Kreatives beginnen. Auf Dr\u00e4ngen seiner noch r\u00fcstigen und unternehmungslustigen Frau (Imogen-Maria Dahlke), seiner Tochter Silke (Andrea Kanne), seines Schwiegersohnes Mario (Hiltrud Lindenberg) und seiner Enkelin Tilda (Andrea Mau) willigt er widerwillig ein und l\u00e4sst sich zu einem VHS-Kurs \u201eInternet f\u00fcr Senioren\u201c \u00fcberreden. Den Laptop daf\u00fcr bekommt er von seiner Enkelin geliehen, die sich fortan das Ger\u00e4t mit ihrem Opa teilen muss. Sehr bald entdeckt der an dem Themenbereich zun\u00e4chst wenig Interessierte jedoch die vielen M\u00f6glichkeiten, die das Netz bietet und findet mehr und mehr Spa\u00df an seiner neuen T\u00e4tigkeit. Besonderen Ansporn verleiht ihm die M\u00f6glichkeit, das Hobby seiner Ehefrau zu unterwandern, das ihm schon lange ein Dorn im Auge ist. Oma Ilse geht n\u00e4mlich st\u00e4ndig auf Shopping-Touren auf Tr\u00f6delm\u00e4rkten und bringt immer neue unn\u00fctze Errungenschaften mit, denen sie nicht widerstehen kann. Das f\u00fchrt zwangsl\u00e4ufig zu Konflikten in der Familie.<\/p>\n<p>Aber bei Ebay kann man schlie\u00dflich nicht nur kaufen, sondern auch verkaufen. Ohne dass seine Familie etwas bemerkt, verkauft Opa Theo also die \u201eGl\u00fccksfallk\u00e4ufe\u201c seiner Frau wieder im Internet. Dass das nicht lange gut gehen kann, versteht sich von selbst. So bekommt Theo nicht nur mit seiner Familie Schwierigkeiten, die ganz eigene Theorien \u00fcber sein verd\u00e4chtiges Verhalten und die beobachtbar verschwindenden Dekoraktionsst\u00fccke entwickelt. Als auch noch die resolute Finanzbeamtin Fiskusa Korantenkicker (Regina Mund) aufgrund seiner Internetverk\u00e4ufe auftaucht, wird die Lage brenzlig f\u00fcr ihn\u2026<\/p>\n<p>Wie Opa Theos Ausflug ins Internet zu ungeahnten Verstrickungen f\u00fchrt, zeigt die Theatergruppe M\u00fcnchehagen in einer locker-leichten Inszenierung des Schwanks \u201eOpa st\u00fcrmt das Internet\u201c von Stefan Koch. Der D\u00f6rpverein M\u00fcnchehagen l\u00e4dt alle Theaterinteressierten zu einer humorvollen Abendvorstellung am Freitag, den 29.11.2019 um 19:30 Uhr und zu einer Nachmittagsvorstellung am Sonntag, den 01.12.2019 um 15:30 Uhr herzlich ein. Der Eintritt zu beiden Veranstaltungen ist frei, Spenden sind erbeten. Auff\u00fchrungsort ist die Aula der Grundschule M\u00fcnchehagen. In der Pause werden am Abend kleine Snacks angeboten und am Nachmittag Kaffee und Kuchen.<\/p>\n<p><span style=\"font-size: 18px;\">\u00a0<\/span><\/p>\n<p>[\/et_pb_text][\/et_pb_column][\/et_pb_row][\/et_pb_section]<\/p>\n","protected":false},"excerpt":{"rendered":"<p>2019 Opa st\u00fcrmt das Internet Wenn Opa das Internet st\u00fcrmt Auff\u00fchrungen des Schwanks \u201eOpa st\u00fcrmt das Internet\u201c der Theatergruppe des D\u00f6rpvereins M\u00fcnchehagen versprechen gute Unterhaltung Endlich wird in M\u00fcnchehagen wieder Theater gespielt. Seit der letzten Theaterauff\u00fchrung ist einige Zeit vergangen. Daf\u00fcr wird dem Publikum aber nun ein abendf\u00fcllendes Theaterst\u00fcck in drei Akten pr\u00e4sentiert, das einen [&hellip;]<\/p>\n","protected":false},"author":1,"featured_media":614,"parent":0,"menu_order":0,"comment_status":"closed","ping_status":"closed","template":"","meta":{"_et_pb_use_builder":"on","_et_pb_old_content":"","_et_gb_content_width":"","footnotes":""},"class_list":["post-607","page","type-page","status-publish","has-post-thumbnail","hentry"],"_links":{"self":[{"href":"http:\/\/www.d\u00f6rpverein-mhg.de\/index.php?rest_route=\/wp\/v2\/pages\/607","targetHints":{"allow":["GET"]}}],"collection":[{"href":"http:\/\/www.d\u00f6rpverein-mhg.de\/index.php?rest_route=\/wp\/v2\/pages"}],"about":[{"href":"http:\/\/www.d\u00f6rpverein-mhg.de\/index.php?rest_route=\/wp\/v2\/types\/page"}],"author":[{"embeddable":true,"href":"http:\/\/www.d\u00f6rpverein-mhg.de\/index.php?rest_route=\/wp\/v2\/users\/1"}],"replies":[{"embeddable":true,"href":"http:\/\/www.d\u00f6rpverein-mhg.de\/index.php?rest_route=%2Fwp%2Fv2%2Fcomments&post=607"}],"version-history":[{"count":7,"href":"http:\/\/www.d\u00f6rpverein-mhg.de\/index.php?rest_route=\/wp\/v2\/pages\/607\/revisions"}],"predecessor-version":[{"id":740,"href":"http:\/\/www.d\u00f6rpverein-mhg.de\/index.php?rest_route=\/wp\/v2\/pages\/607\/revisions\/740"}],"wp:featuredmedia":[{"embeddable":true,"href":"http:\/\/www.d\u00f6rpverein-mhg.de\/index.php?rest_route=\/wp\/v2\/media\/614"}],"wp:attachment":[{"href":"http:\/\/www.d\u00f6rpverein-mhg.de\/index.php?rest_route=%2Fwp%2Fv2%2Fmedia&parent=607"}],"curies":[{"name":"wp","href":"https:\/\/api.w.org\/{rel}","templated":true}]}}