{"id":622,"date":"2020-05-06T18:03:05","date_gmt":"2020-05-06T16:03:05","guid":{"rendered":"http:\/\/www.d\u00f6rpverein-mhg.de\/wp\/?page_id=622"},"modified":"2021-03-01T09:42:35","modified_gmt":"2021-03-01T08:42:35","slug":"gaestefuehrung","status":"publish","type":"page","link":"http:\/\/www.d\u00f6rpverein-mhg.de\/?page_id=622","title":{"rendered":"G\u00e4stef\u00fchrung"},"content":{"rendered":"<p>[et_pb_section fb_built=&#8220;1&#8243; fullwidth=&#8220;on&#8220; admin_label=&#8220;Header Section&#8220; _builder_version=&#8220;3.22.4&#8243; background_color=&#8220;#f1f7e6&#8243; custom_margin=&#8220;|||&#8220; custom_padding=&#8220;|||&#8220; bottom_divider_color=&#8220;rgba(0,0,0,0)&#8220; border_color_all=&#8220;rgba(0,0,0,0)&#8220;][et_pb_fullwidth_header text_orientation=&#8220;center&#8220; image_orientation=&#8220;bottom&#8220; content_max_width_tablet=&#8220;&#8220; content_max_width_phone=&#8220;&#8220; content_max_width_last_edited=&#8220;on|desktop&#8220; _builder_version=&#8220;3.16&#8243; title_font=&#8220;Lora|700|||||||&#8220; title_text_color=&#8220;#f1f7e6&#8243; title_font_size=&#8220;53px&#8220; title_line_height=&#8220;2em&#8220; content_font=&#8220;Lora||||||||&#8220; content_font_size=&#8220;22px&#8220; content_line_height=&#8220;2em&#8220; subhead_font=&#8220;Lora|700|||||||&#8220; subhead_text_color=&#8220;#f1f7e6&#8243; subhead_font_size=&#8220;44px&#8220; subhead_line_height=&#8220;1.6em&#8220; background_color=&#8220;rgba(255,255,255,0)&#8220; background_image=&#8220;http:\/\/www.d\u00f6rpverein-mhg.de\/\/wp-content\/uploads\/2019\/05\/mh.jpg&#8220; parallax=&#8220;on&#8220; parallax_method=&#8220;on&#8220; custom_button_one=&#8220;on&#8220; button_one_text_size=&#8220;16px&#8220; button_one_text_color=&#8220;#ffffff&#8220; button_one_bg_color=&#8220;#d29f68&#8243; button_one_border_width=&#8220;15px&#8220; button_one_border_color=&#8220;rgba(210,159,104,0)&#8220; button_one_border_radius=&#8220;100px&#8220; button_one_letter_spacing=&#8220;3px&#8220; button_one_font=&#8220;Oswald|||on|||||&#8220; button_one_use_icon=&#8220;off&#8220; custom_button_two=&#8220;on&#8220; button_two_text_size=&#8220;16px&#8220; button_two_text_color=&#8220;#ffffff&#8220; button_two_bg_color=&#8220;rgba(255,255,255,0.35)&#8220; button_two_border_width=&#8220;15px&#8220; button_two_border_color=&#8220;rgba(0,0,0,0)&#8220; button_two_border_radius=&#8220;100px&#8220; button_two_letter_spacing=&#8220;3px&#8220; button_two_font=&#8220;Oswald|||on|||||&#8220; button_two_use_icon=&#8220;off&#8220; custom_margin=&#8220;|||&#8220; custom_padding=&#8220;225px||225px||true&#8220; animation_style=&#8220;fade&#8220; animation_duration=&#8220;2000ms&#8220; animation_speed_curve=&#8220;ease-out&#8220; subhead_font_size_tablet=&#8220;&#8220; subhead_font_size_phone=&#8220;50px&#8220; subhead_font_size_last_edited=&#8220;on|desktop&#8220; title_text_shadow_style=&#8220;preset5&#8243; title_text_shadow_color=&#8220;#000000&#8243; subhead_text_shadow_style=&#8220;preset5&#8243; border_color_all=&#8220;#ffffff&#8220; button_one_border_radius_hover=&#8220;100px&#8220; button_one_bg_color_hover=&#8220;#cc8d66&#8243; button_two_bg_color_hover=&#8220;#d29f68&#8243; button_one_text_size__hover_enabled=&#8220;off&#8220; button_two_text_size__hover_enabled=&#8220;off&#8220; button_one_text_color__hover_enabled=&#8220;off&#8220; button_two_text_color__hover_enabled=&#8220;off&#8220; button_one_border_width__hover_enabled=&#8220;off&#8220; button_two_border_width__hover_enabled=&#8220;off&#8220; button_one_border_color__hover_enabled=&#8220;off&#8220; button_two_border_color__hover_enabled=&#8220;off&#8220; button_one_border_radius__hover_enabled=&#8220;on&#8220; button_one_border_radius__hover=&#8220;100px&#8220; button_two_border_radius__hover_enabled=&#8220;off&#8220; button_one_letter_spacing__hover_enabled=&#8220;off&#8220; button_two_letter_spacing__hover_enabled=&#8220;off&#8220; button_one_bg_color__hover_enabled=&#8220;on&#8220; button_one_bg_color__hover=&#8220;#cc8d66&#8243; button_two_bg_color__hover_enabled=&#8220;on&#8220; button_two_bg_color__hover=&#8220;#d29f68&#8243;][\/et_pb_fullwidth_header][\/et_pb_section][et_pb_section fb_built=&#8220;1&#8243; admin_label=&#8220;Free Consultation&#8220; _builder_version=&#8220;3.22.3&#8243; background_color=&#8220;#f1f7e6&#8243; custom_padding=&#8220;0px|0px||0px&#8220;][et_pb_row _builder_version=&#8220;3.25&#8243; custom_padding=&#8220;|||&#8220;][et_pb_column type=&#8220;4_4&#8243; _builder_version=&#8220;3.25&#8243; custom_padding=&#8220;|||&#8220; custom_padding__hover=&#8220;|||&#8220;][et_pb_cta title=&#8220;G\u00e4stef\u00fchrungen&#8220; button_url=&#8220;#&#8220; _builder_version=&#8220;3.22.4&#8243; header_font=&#8220;Lora|700||on|||||&#8220; header_text_color=&#8220;#375729&#8243; header_font_size=&#8220;48px&#8220; header_letter_spacing=&#8220;2px&#8220; header_line_height=&#8220;2em&#8220; body_font=&#8220;Lora|||||on|||&#8220; body_text_color=&#8220;#375729&#8243; body_font_size=&#8220;43px&#8220; body_line_height=&#8220;1.4em&#8220; background_color=&#8220;#ffffff&#8220; width=&#8220;100%&#8220; max_width=&#8220;100%&#8220; custom_margin=&#8220;-100px|0px||0px||&#8220; custom_padding=&#8220;3%||0px|&#8220; animation_style=&#8220;slide&#8220; header_font_size_tablet=&#8220;&#8220; header_font_size_phone=&#8220;36px&#8220; header_font_size_last_edited=&#8220;on|desktop&#8220; border_radii=&#8220;on|20px|20px|20px|20px&#8220; box_shadow_style=&#8220;preset3&#8243; box_shadow_vertical=&#8220;15px&#8220; box_shadow_blur=&#8220;80px&#8220; box_shadow_color=&#8220;rgba(0,0,0,0.2)&#8220; button_border_radius_hover=&#8220;1px&#8220; locked=&#8220;off&#8220; button_text_size__hover_enabled=&#8220;off&#8220; button_one_text_size__hover_enabled=&#8220;off&#8220; button_two_text_size__hover_enabled=&#8220;off&#8220; button_text_color__hover_enabled=&#8220;off&#8220; button_one_text_color__hover_enabled=&#8220;off&#8220; button_two_text_color__hover_enabled=&#8220;off&#8220; button_border_width__hover_enabled=&#8220;off&#8220; button_one_border_width__hover_enabled=&#8220;off&#8220; button_two_border_width__hover_enabled=&#8220;off&#8220; button_border_color__hover_enabled=&#8220;off&#8220; button_one_border_color__hover_enabled=&#8220;off&#8220; button_two_border_color__hover_enabled=&#8220;off&#8220; button_border_radius__hover_enabled=&#8220;on&#8220; button_border_radius__hover=&#8220;1px&#8220; button_one_border_radius__hover_enabled=&#8220;off&#8220; button_two_border_radius__hover_enabled=&#8220;off&#8220; button_letter_spacing__hover_enabled=&#8220;off&#8220; button_one_letter_spacing__hover_enabled=&#8220;off&#8220; button_two_letter_spacing__hover_enabled=&#8220;off&#8220; button_bg_color__hover_enabled=&#8220;off&#8220; button_one_bg_color__hover_enabled=&#8220;off&#8220; button_two_bg_color__hover_enabled=&#8220;off&#8220; transform_styles__hover_enabled=&#8220;on&#8220; transform_scale__hover_enabled=&#8220;on&#8220; transform_translate__hover_enabled=&#8220;on&#8220; transform_rotate__hover_enabled=&#8220;on&#8220; transform_skew__hover_enabled=&#8220;on&#8220; transform_origin__hover_enabled=&#8220;on&#8220; transform_scale__hover=&#8220;108%|108%&#8220;][\/et_pb_cta][\/et_pb_column][\/et_pb_row][\/et_pb_section][et_pb_section fb_built=&#8220;1&#8243; admin_label=&#8220;About Section&#8220; _builder_version=&#8220;3.22.3&#8243; background_color=&#8220;#f1f7e6&#8243; custom_padding=&#8220;0|0px|0|0px|true|false&#8220;][et_pb_row admin_label=&#8220;About Row&#8220; _builder_version=&#8220;3.25&#8243; animation_style=&#8220;fade&#8220; use_custom_width=&#8220;on&#8220;][et_pb_column type=&#8220;4_4&#8243; _builder_version=&#8220;3.25&#8243; custom_padding=&#8220;|||&#8220; custom_padding__hover=&#8220;|||&#8220;][et_pb_text _builder_version=&#8220;3.27.4&#8243; text_font=&#8220;Lora||||||||&#8220; text_font_size=&#8220;26px&#8220; text_line_height=&#8220;1.8em&#8220; header_font=&#8220;||||||||&#8220; header_text_align=&#8220;left&#8220; header_2_font=&#8220;Lora|700|||||||&#8220; header_2_font_size=&#8220;50px&#8220; header_2_line_height=&#8220;1.5em&#8220; header_3_font=&#8220;Lora|700|||||||&#8220; header_3_font_size=&#8220;42px&#8220; header_3_line_height=&#8220;1.5em&#8220; header_5_font=&#8220;Oswald|||on|||||&#8220; header_5_text_color=&#8220;rgba(0,0,0,0.4)&#8220; header_5_font_size=&#8220;20px&#8220; header_5_letter_spacing=&#8220;3px&#8220; max_width_tablet=&#8220;&#8220; max_width_phone=&#8220;&#8220; max_width_last_edited=&#8220;on|desktop&#8220; custom_margin_tablet=&#8220;|70px||70px&#8220; custom_margin_phone=&#8220;|50px||50px&#8220; custom_margin_last_edited=&#8220;off|desktop&#8220; text_line_height_last_edited=&#8220;off|desktop&#8220;]<\/p>\n<h5>G\u00e4stef\u00fchrungen<\/h5>\n<p><strong><span style=\"font-family: arial,helvetica,sans-serif;\">Rehburg-Loccumer Spazierg\u00e4nge<\/span><\/strong><\/p>\n<p>[\/et_pb_text][et_pb_text _builder_version=&#8220;4.9.0&#8243; text_font=&#8220;Lora||||||||&#8220; text_font_size=&#8220;18px&#8220; text_line_height=&#8220;1.8em&#8220; header_2_font=&#8220;Lora|700|||||||&#8220; header_2_font_size=&#8220;50px&#8220; header_2_line_height=&#8220;1.5em&#8220; header_5_font=&#8220;Oswald|||on|||||&#8220; header_5_text_color=&#8220;rgba(0,0,0,0.4)&#8220; header_5_font_size=&#8220;20px&#8220; header_5_letter_spacing=&#8220;3px&#8220; max_width_tablet=&#8220;&#8220; max_width_phone=&#8220;&#8220; max_width_last_edited=&#8220;on|phone&#8220; custom_margin_tablet=&#8220;|70px||70px&#8220; custom_margin_phone=&#8220;|50px||50px&#8220; custom_margin_last_edited=&#8220;off|desktop&#8220; custom_padding=&#8220;||0px|||&#8220; hover_enabled=&#8220;0&#8243; text_line_height_last_edited=&#8220;off|desktop&#8220; sticky_enabled=&#8220;0&#8243;]<\/p>\n<p><span style=\"font-family: arial,helvetica,sans-serif;\">1163 siedelten einige M\u00f6nche auf dem moorigen Boden um die Luccaburg und gr\u00fcndeten das Kloster Loccum. Jahrhunderte zuvor hatte das Geschlecht derer von M\u00fcnchhausen bereits seinen Stammsitz auf dem Winzlarer Haarberg und Jahrhunderte sp\u00e4ter erholten sich K\u00f6nige und K\u00f6niginnen der Welfen im idyllischen Bad Rehburg. Rehburg hat 1648 Stadtrechte verliehen bekommen und in M\u00fcnchehagen \u2013 nun, dort tummelten sich vor 142 Millionen Jahren Dinosaurier, deren Spuren noch heute frei gelegt werden und die vom Dino-Park umgeben sind.<\/span><\/p>\n<p><span style=\"font-family: arial,helvetica,sans-serif;\">Diese f\u00fcnf Ortsteile bilden unsere Stadt Rehburg-Loccum \u2013 und wir laden Sie heute ein, unsere Geschichte und unsere Geschichten kennen zu lernen. In Rehburg, Bad Rehburg, Loccum und M\u00fcnchehagen k\u00f6nnen Sie mit Menschen, die einmal dort gelebt haben k\u00f6nnten, zu unseren Rehburg-Loccumer Spazierg\u00e4ngen aufbrechen.<\/span><\/p>\n<p><span style=\"font-family: arial,helvetica,sans-serif;\">Erleben Sie ebenso geschichtstr\u00e4chtige wie unterhaltsame Stunden mit dem Loccumer Pingelkeerl, mit Rehburgs Schankwirtin Anni, mit der Bad Rehburger Barbierin Marie nebst Gatten oder Minchen und Hermann \u2013 M\u00fcnchehagens seefahrendem P\u00e4rchen, die Sie in die Anf\u00e4nge des 20. Jahrhunderts in unserer Stadt entf\u00fchren werden.<\/span><\/p>\n<p>&nbsp;<\/p>\n<p class=\"center\"><span style=\"font-family: arial,helvetica,sans-serif;\"><strong>So kommen Sie zu Rehburg-Loccumer Spazierg\u00e4ngen: <\/strong><\/span><\/p>\n<p><span style=\"font-family: arial,helvetica,sans-serif;\">Die Rehburg-Loccumer Spazierg\u00e4nge werden von April bis September angeboten:<\/span><\/p>\n<p>&nbsp;<\/p>\n<p><span style=\"font-family: arial,helvetica,sans-serif;\"><strong>Rehburg:<\/strong>an jedem ersten Sonntag im Monat. Treffpunkt: Rehburger Marktplatz, 15 Uhr. Dauer 90 Minuten.<\/span><\/p>\n<p><span style=\"font-family: arial,helvetica,sans-serif;\"><em>Gruppen k\u00f6nnen zum Abschluss des Spazierganges Kaffee und Kuchen im Heimatmuseum buchen. Zus\u00e4tzliche Kosten pro Person: 3 Euro. <\/em><\/span><\/p>\n<p><span style=\"font-family: arial,helvetica,sans-serif;\"><strong>Loccum:<\/strong>an jedem zweiten Sonntag im Monat. Treffpunkt: Loccumer Marktplatz, 15 Uhr. Dauer: 90 Minuten.<\/span><\/p>\n<p><span style=\"font-family: arial,helvetica,sans-serif;\"><strong>Bad Rehburg:<\/strong>an jedem dritten Sonntag im Monat. Treffpunkt: \u201aRomantik Bad Rehburg&#8216;, 15 Uhr. Dauer: 90 Minuten.<\/span><\/p>\n<p><span style=\"font-family: arial,helvetica,sans-serif;\"><em>Da teilweise Waldwege beschritten werden empfehlen wir festes Schuhwerk. <\/em><\/span><\/p>\n<p><span style=\"font-family: arial,helvetica,sans-serif;\"><strong>M\u00fcnchehagen:<\/strong>an jedem vierten Sonntag im Monat. Treffpunkt: Festplatz am Brunnen, Schulstra\u00dfe, 15 Uhr. Dauer: 90 Minuten.<\/span><\/p>\n<p><em><span style=\"font-family: arial,helvetica,sans-serif;\">Da teilweise Feldwege beschritten werden empfehlen wir festes Schuhwerk. <\/span><\/em><\/p>\n<p>&nbsp;<\/p>\n<p><span style=\"font-family: arial,helvetica,sans-serif;\">Gesonderte <strong>F\u00fchrungen f\u00fcr Gruppen<\/strong> sind zu vielen Zeiten m\u00f6glich. Melden Sie Ihre Gruppe einfach bei im Rathaus an:<\/span><\/p>\n<p>&nbsp;<\/p>\n<p><span style=\"font-family: arial,helvetica,sans-serif;\">Stadt Rehburg-Loccum<\/span><\/p>\n<p><span style=\"font-family: arial,helvetica,sans-serif;\">Heidtorstra\u00dfe 2<\/span><\/p>\n<p><span style=\"font-family: arial,helvetica,sans-serif;\">31547 Rehburg-Loccum<\/span><\/p>\n<p><span style=\"font-family: arial,helvetica,sans-serif;\">Tel.: (0 50 37) 97 01-0<\/span><\/p>\n<p><span style=\"font-family: arial,helvetica,sans-serif;\">E-Mail: <span id=\"cloakb722900c532882ac50c93888d9ea3bf0\"><a href=\"mailto:stadt@rehburg-loccum.de\">stadt@rehburg-loccum.de<\/a><\/span><\/span><\/p>\n<p><span style=\"font-family: arial,helvetica,sans-serif;\"><a href=\"http:\/\/www.rehburg-loccum.de\/\">www.rehburg-loccum.de<\/a><\/span><\/p>\n<p><span style=\"font-size: 18px;\">\u00a0<\/span><\/p>\n<p>[\/et_pb_text][\/et_pb_column][\/et_pb_row][\/et_pb_section]<\/p>\n","protected":false},"excerpt":{"rendered":"<p>G\u00e4stef\u00fchrungen Rehburg-Loccumer Spazierg\u00e4nge1163 siedelten einige M\u00f6nche auf dem moorigen Boden um die Luccaburg und gr\u00fcndeten das Kloster Loccum. Jahrhunderte zuvor hatte das Geschlecht derer von M\u00fcnchhausen bereits seinen Stammsitz auf dem Winzlarer Haarberg und Jahrhunderte sp\u00e4ter erholten sich K\u00f6nige und K\u00f6niginnen der Welfen im idyllischen Bad Rehburg. Rehburg hat 1648 Stadtrechte verliehen bekommen und in [&hellip;]<\/p>\n","protected":false},"author":1,"featured_media":0,"parent":0,"menu_order":0,"comment_status":"closed","ping_status":"closed","template":"","meta":{"_et_pb_use_builder":"on","_et_pb_old_content":"","_et_gb_content_width":"","footnotes":""},"class_list":["post-622","page","type-page","status-publish","hentry"],"_links":{"self":[{"href":"http:\/\/www.d\u00f6rpverein-mhg.de\/index.php?rest_route=\/wp\/v2\/pages\/622","targetHints":{"allow":["GET"]}}],"collection":[{"href":"http:\/\/www.d\u00f6rpverein-mhg.de\/index.php?rest_route=\/wp\/v2\/pages"}],"about":[{"href":"http:\/\/www.d\u00f6rpverein-mhg.de\/index.php?rest_route=\/wp\/v2\/types\/page"}],"author":[{"embeddable":true,"href":"http:\/\/www.d\u00f6rpverein-mhg.de\/index.php?rest_route=\/wp\/v2\/users\/1"}],"replies":[{"embeddable":true,"href":"http:\/\/www.d\u00f6rpverein-mhg.de\/index.php?rest_route=%2Fwp%2Fv2%2Fcomments&post=622"}],"version-history":[{"count":8,"href":"http:\/\/www.d\u00f6rpverein-mhg.de\/index.php?rest_route=\/wp\/v2\/pages\/622\/revisions"}],"predecessor-version":[{"id":767,"href":"http:\/\/www.d\u00f6rpverein-mhg.de\/index.php?rest_route=\/wp\/v2\/pages\/622\/revisions\/767"}],"wp:attachment":[{"href":"http:\/\/www.d\u00f6rpverein-mhg.de\/index.php?rest_route=%2Fwp%2Fv2%2Fmedia&parent=622"}],"curies":[{"name":"wp","href":"https:\/\/api.w.org\/{rel}","templated":true}]}}